{"id":1872,"date":"2018-03-31T18:05:29","date_gmt":"2018-03-31T16:05:29","guid":{"rendered":"http:\/\/www.clubsurco.es\/?page_id=1872"},"modified":"2024-01-08T13:52:21","modified_gmt":"2024-01-08T12:52:21","slug":"club","status":"publish","type":"page","link":"https:\/\/www.clubsurco.es\/?page_id=1872","title":{"rendered":"CLUB"},"content":{"rendered":"<p>El club de orientaci\u00f3n SURCO es una asociaci\u00f3n deportiva sin \u00e1nimo de lucro, cuyo fin es la pr\u00e1ctica y promoci\u00f3n del deporte de orientaci\u00f3n.\u00a0Empez\u00f3 su andadura\u00a012 de Abril de 2004, cinco amigos nos reunimos\u00a0 en una cafeter\u00eda para redactar el acta fundacional del club y nos sali\u00f3 \u00e9sto.<\/p>\n<p>Datos del Club:<\/p>\n<p>CIF: G04489217<\/p>\n<p>N\u00ba Registro Entidades Deportivas de la Junta Andaluc\u00eda:12993<\/p>\n<p>N\u00ba Registro Municipal Entidades Ciudadanas del Ayto. Almer\u00eda: 604<\/p>\n<p>El Club de Orientaci\u00f3n SURCO es miembro de las Federaciones Espa\u00f1ola y Andaluza del Deporte de Orientaci\u00f3n<\/p>\n<p>Nuestro email de contacto es:\u00a0\u00a0 <a href=\"mailto:surco_orientacion@hotmail.com\">surco_orientacion@hotmail.com<\/a><\/p>\n<p>Si nos quieres contactar personalmente, estamos en la Delegaci\u00f3n Provincial de la Federaci\u00f3n Andaluza del Deporte de Orientaci\u00f3n, en el Palacio de Deportes Mediterr\u00e1neo, C\/ Alcalde Santiago Mart\u00ednez Cabrejas, n\u00ba 1 &#8211; 2\u00aa planta, oficina 2-18. No tenemos horario fijo, por lo que antes de desplazarte, aseg\u00farate de que estaremos all\u00ed.<br \/>\n<strong>Acceso a sede<\/strong><\/p>\n<p><iframe loading=\"lazy\" src=\"https:\/\/www.google.com\/maps\/d\/embed?mid=z68lgIJMtuSw.kmxwmzN4TM-o\" width=\"640\" height=\"480\"><\/iframe><\/p>\n","protected":false},"excerpt":{"rendered":"<p>El club de orientaci\u00f3n SURCO es una asociaci\u00f3n deportiva sin \u00e1nimo de lucro, cuyo fin es la pr\u00e1ctica y promoci\u00f3n del deporte de orientaci\u00f3n.\u00a0Empez\u00f3 su andadura\u00a012 de Abril de 2004, cinco amigos nos reunimos\u00a0 en una cafeter\u00eda para redactar el acta fundacional del club y nos sali\u00f3 \u00e9sto. Datos del Club: CIF: G04489217 N\u00ba Registro [&hellip;]<\/p>\n","protected":false},"author":1,"featured_media":0,"parent":0,"menu_order":1,"comment_status":"closed","ping_status":"closed","template":"","meta":{"footnotes":""},"class_list":["post-1872","page","type-page","status-publish","hentry"],"_links":{"self":[{"href":"https:\/\/www.clubsurco.es\/index.php?rest_route=\/wp\/v2\/pages\/1872","targetHints":{"allow":["GET"]}}],"collection":[{"href":"https:\/\/www.clubsurco.es\/index.php?rest_route=\/wp\/v2\/pages"}],"about":[{"href":"https:\/\/www.clubsurco.es\/index.php?rest_route=\/wp\/v2\/types\/page"}],"author":[{"embeddable":true,"href":"https:\/\/www.clubsurco.es\/index.php?rest_route=\/wp\/v2\/users\/1"}],"replies":[{"embeddable":true,"href":"https:\/\/www.clubsurco.es\/index.php?rest_route=%2Fwp%2Fv2%2Fcomments&post=1872"}],"version-history":[{"count":5,"href":"https:\/\/www.clubsurco.es\/index.php?rest_route=\/wp\/v2\/pages\/1872\/revisions"}],"predecessor-version":[{"id":7562,"href":"https:\/\/www.clubsurco.es\/index.php?rest_route=\/wp\/v2\/pages\/1872\/revisions\/7562"}],"wp:attachment":[{"href":"https:\/\/www.clubsurco.es\/index.php?rest_route=%2Fwp%2Fv2%2Fmedia&parent=1872"}],"curies":[{"name":"wp","href":"https:\/\/api.w.org\/{rel}","templated":true}]}}