{"id":1874,"date":"2018-03-31T18:06:04","date_gmt":"2018-03-31T16:06:04","guid":{"rendered":"http:\/\/www.clubsurco.es\/?page_id=1874"},"modified":"2023-09-02T23:03:40","modified_gmt":"2023-09-02T21:03:40","slug":"socios","status":"publish","type":"page","link":"https:\/\/www.clubsurco.es\/?page_id=1874","title":{"rendered":"SOCIOS"},"content":{"rendered":"<p>\u00bf Te gusta el deporte de Orientaci\u00f3n ?<\/p>\n<p>El Club SURCO se cre\u00f3 para la promoci\u00f3n y la pr\u00e1ctica de este deporte.<\/p>\n<p>Apoya a sus socios en la participaci\u00f3n en competiciones y en la formaci\u00f3n como t\u00e9cnicos de sus diferentes disciplinas, tales como monitores, trazadores, cart\u00f3grafos, jueces SportIdent, etc<\/p>\n<p>A los socios:<\/p>\n<p>&#8211; se les inscribe si lo solicitan\u00a0 en competiciones y cursillos.<\/p>\n<p>&#8211; se les informa de competiciones y cursillos ( s\u00f3lo mediante e-mail ).<\/p>\n<p>&#8211; se les gestiona la licencia federativa si lo solicitan.<\/p>\n<p>&#8211; se les presta de forma gratuita pinza electr\u00f3nica SportIdent para que participen en las carreras controladas electr\u00f3nicamente. Para ello, <span style=\"color: #ff0000;\"><strong>deber\u00e1n depositar una fianza<\/strong><\/span> por el valor de la pinza, que recuperar\u00e1n cuando la pinza sea devuelta al Club.<\/p>\n<p><strong><u>Cuotas:<\/u><\/strong><\/p>\n<p>Las cuotas se abonan por a\u00f1os naturales y son v\u00e1lidas de 1 de Enero a 31 de Diciembre.<\/p>\n<p>La edad es la que se cumple el a\u00f1o en curso sea en Enero o sea en Diciembre.<\/p>\n<p><strong>Nuevos socios ( primer a\u00f1o ):<\/strong><\/p>\n<p>&#8211; Menores de 20 a\u00f1os:\u00a0\u00a0 10 \u20ac\u00a0\u00a0 ( 6 \u20ac de cuota anual + 4 \u20ac de inscripci\u00f3n )<\/p>\n<p>&#8211; 20 a\u00f1os y mayores: 15 \u20ac\u00a0\u00a0\u00a0\u00a0 ( 10 \u20ac de cuota anual + 5 \u20ac de inscripci\u00f3n )<\/p>\n<p><strong>A\u00f1os sucesivos:<\/strong><\/p>\n<p>&#8211; Menores de 20 a\u00f1os:\u00a0\u00a0 6 \u20ac<\/p>\n<p>&#8211; 20 a\u00f1os y mayores:\u00a0\u00a0 10 \u20ac<\/p>\n<p>Los nuevos socios abonan su cuota en el momento de hacerse socios, siendo el abono el que se considera como fecha de afiliaci\u00f3n.<\/p>\n<p>Las sucesivas cuotas anuales para seguir como socio se deben hacer efectivas antes del <strong>31 de Diciembre<\/strong> del a\u00f1o que termina, para abonar la temporada deportiva del a\u00f1o que comienza.<\/p>\n<p><span style=\"color: #ff0000;\"><strong><u>Para hacerte socio del Club de Orientaci\u00f3n SURCO debes:<\/u><\/strong><\/span><\/p>\n<p>1\u00ba &#8211; Ingresar tu cuota en la cuenta del Club:<\/p>\n<h4 style=\"text-align: left;\"><strong>\u00a0\u00a0\u00a0\u00a0\u00a0\u00a0 OPEN BANK\u00a0\u00a0 cuenta n\u00ba<\/strong>\u00a0\u00a0\u00a0 <strong><span style=\"color: #000080;\">0073 0100 56 0487799336<\/span><\/strong><\/h4>\n<h4 style=\"text-align: left;\"><strong>\u00a0\u00a0\u00a0\u00a0\u00a0\u00a0\u00a0\u00a0\u00a0\u00a0\u00a0\u00a0\u00a0\u00a0\u00a0\u00a0\u00a0\u00a0\u00a0\u00a0\u00a0\u00a0\u00a0\u00a0\u00a0\u00a0\u00a0\u00a0\u00a0\u00a0\u00a0\u00a0\u00a0\u00a0\u00a0 IBAN n\u00ba<\/strong>\u00a0\u00a0\u00a0\u00a0\u00a0\u00a0 <span style=\"color: #000080;\"><strong>ES84 0073 0100 5604 8779 9336<\/strong><\/span><\/h4>\n<h4 style=\"text-align: left;\">\u00a0\u00a0\u00a0\u00a0\u00a0\u00a0\u00a0\u00a0\u00a0\u00a0\u00a0\u00a0\u00a0\u00a0\u00a0\u00a0\u00a0\u00a0\u00a0\u00a0\u00a0\u00a0\u00a0\u00a0\u00a0\u00a0\u00a0\u00a0\u00a0\u00a0\u00a0\u00a0\u00a0\u00a0\u00a0 <strong>Swift \/ BIC<\/strong> \u00a0\u00a0\u00a0\u00a0\u00a0<span style=\"color: #000080;\">OPENESMM<\/span><\/h4>\n<p>No olvides indicar <span style=\"color: #ff0000;\"><strong>tu nombre en el ingreso<\/strong><\/span>.<\/p>\n<p>Se te pedir\u00e1 el resguardo de ingreso al rellenar el formulario de inscripci\u00f3n.<\/p>\n<p>2\u00ba &#8211; Rellenar el siguiente formulario:<\/p>\n<p><a href=\"https:\/\/docs.google.com\/spreadsheet\/viewform?fromEmail=true&amp;formkey=dGg4ZDJRbkdhbms0M1JrcTA3Y3QybHc6MA\"><img loading=\"lazy\" decoding=\"async\" class=\"aligncenter size-full wp-image-68\" src=\"https:\/\/www.clubsurco.es\/wp-content\/uploads\/2013\/12\/hacerme-socio.png\" alt=\"\" width=\"201\" height=\"55\" \/><\/a><\/p>\n<p>===================================================================<\/p>\n<p>Una vez recibida tu solicitud de ingreso, se te inscribir\u00e1 como socio del Club y recibir\u00e1s un correo electr\u00f3nico indic\u00e1ndote el n\u00famero de socio con el que has sido inscrito.<\/p>\n","protected":false},"excerpt":{"rendered":"<p>\u00bf Te gusta el deporte de Orientaci\u00f3n ? El Club SURCO se cre\u00f3 para la promoci\u00f3n y la pr\u00e1ctica de este deporte. Apoya a sus socios en la participaci\u00f3n en competiciones y en la formaci\u00f3n como t\u00e9cnicos de sus diferentes disciplinas, tales como monitores, trazadores, cart\u00f3grafos, jueces SportIdent, etc A los socios: &#8211; se les [&hellip;]<\/p>\n","protected":false},"author":1,"featured_media":0,"parent":1872,"menu_order":1,"comment_status":"closed","ping_status":"closed","template":"","meta":{"footnotes":""},"class_list":["post-1874","page","type-page","status-publish","hentry"],"_links":{"self":[{"href":"https:\/\/www.clubsurco.es\/index.php?rest_route=\/wp\/v2\/pages\/1874","targetHints":{"allow":["GET"]}}],"collection":[{"href":"https:\/\/www.clubsurco.es\/index.php?rest_route=\/wp\/v2\/pages"}],"about":[{"href":"https:\/\/www.clubsurco.es\/index.php?rest_route=\/wp\/v2\/types\/page"}],"author":[{"embeddable":true,"href":"https:\/\/www.clubsurco.es\/index.php?rest_route=\/wp\/v2\/users\/1"}],"replies":[{"embeddable":true,"href":"https:\/\/www.clubsurco.es\/index.php?rest_route=%2Fwp%2Fv2%2Fcomments&post=1874"}],"version-history":[{"count":11,"href":"https:\/\/www.clubsurco.es\/index.php?rest_route=\/wp\/v2\/pages\/1874\/revisions"}],"predecessor-version":[{"id":7315,"href":"https:\/\/www.clubsurco.es\/index.php?rest_route=\/wp\/v2\/pages\/1874\/revisions\/7315"}],"up":[{"embeddable":true,"href":"https:\/\/www.clubsurco.es\/index.php?rest_route=\/wp\/v2\/pages\/1872"}],"wp:attachment":[{"href":"https:\/\/www.clubsurco.es\/index.php?rest_route=%2Fwp%2Fv2%2Fmedia&parent=1874"}],"curies":[{"name":"wp","href":"https:\/\/api.w.org\/{rel}","templated":true}]}}