{"id":1876,"date":"2018-03-31T18:06:32","date_gmt":"2018-03-31T16:06:32","guid":{"rendered":"http:\/\/www.clubsurco.es\/?page_id=1876"},"modified":"2025-12-16T09:34:51","modified_gmt":"2025-12-16T08:34:51","slug":"licencias","status":"publish","type":"page","link":"https:\/\/www.clubsurco.es\/?page_id=1876","title":{"rendered":"LICENCIAS"},"content":{"rendered":"<h2 style=\"text-align: center;\"><span style=\"color: #ff0000;\"><strong>LICENCIAS 2026<\/strong><\/span><\/h2>\n<p>\u00bf Por qu\u00e9 federarse ?<\/p>\n<p>Cuando practicas un deporte, como en cualquier actividad, puedes lesionarte o tener un accidente.<\/p>\n<p>El hecho de que te federes te permite estar cubierto por un seguro que contrata la Federaci\u00f3n Espa\u00f1ola del Deporte de Orientaci\u00f3n ( FEDO ) para sus federados.<\/p>\n<p>Puedes ver todo lo referente a este seguro en este enlace de la FEDO.<\/p>\n<h3>\u00a0\u00a0\u00a0\u00a0\u00a0 <a href=\"https:\/\/www.fedo.org\/web\/licencias\/seguro-deportivo\"><span style=\"color: #0000ff;\">Seguro Deportivo<\/span><\/a><\/h3>\n<p>Para federarte, debes contratar una Licencia Federativa.<\/p>\n<h3>\u00a0\u00a0\u00a0 <a href=\"https:\/\/www.fedo.org\/web\/licencias\/licencia-federativa\"><span style=\"color: #0000ff;\">Licencia Federativa<\/span><\/a><\/h3>\n<p>La FEDO no federar\u00e1 a nadie si el Club no certifica que tiene en su poder el documento <strong>Consentimiento-Protecci\u00f3n-Datos<\/strong> firmado por el titular. En el caso de menores de edad tiene que estar firmado <u>tambi\u00e9n<\/u> por el representante legal.<\/p>\n<p>Es condici\u00f3n <strong>indispensable<\/strong> para poder federarse enviar firmado al Club el documento:<\/p>\n<p><a href=\"https:\/\/www.fedo.org\/web\/ficheros\/federacion\/licencias\/2023\/2023-Clausula-Alta-SICO.pdf\"><span style=\"color: #0000ff;\"><strong>Consentimiento-Proteccion-Datos<\/strong><\/span><\/a><\/p>\n<p>As\u00ed que, si os vais a federar, deb\u00e9is firmar el documento, y entregarlo en el Club o enviarlo por email.<\/p>\n<p><u>\u00bf Quieres Federarte ?<\/u><\/p>\n<p>El Club de Orientaci\u00f3n SURCO <u>s\u00f3lo federa<\/u> a sus socios, por lo que si deseas federarte con nosotros, lo primero que debes hacer es asociarte a SURCO. Puedes ver las condiciones y el formulario de inscripci\u00f3n en la secci\u00f3n \u00abSocios\u00bb<\/p>\n<p><a href=\"https:\/\/www.clubsurco.es\/?page_id=1874\"><img loading=\"lazy\" decoding=\"async\" class=\"aligncenter  wp-image-1914\" src=\"https:\/\/www.clubsurco.es\/wp-content\/uploads\/Bot\u00f3n-Naranja-SOCIOS-300x107.png\" alt=\"\" width=\"126\" height=\"45\" srcset=\"https:\/\/www.clubsurco.es\/wp-content\/uploads\/Bot\u00f3n-Naranja-SOCIOS-300x107.png 300w, https:\/\/www.clubsurco.es\/wp-content\/uploads\/Bot\u00f3n-Naranja-SOCIOS.png 598w\" sizes=\"auto, (max-width: 126px) 100vw, 126px\" \/><\/a><\/p>\n<p>Una vez seas socio, para federarte, deber\u00e1s seguir los siguientes pasos:<\/p>\n<p>1\u00ba &#8211; Ingresar el precio de la licencia que hayas escogido en la cuenta del Club:<\/p>\n<p><strong>OPEN BANK\u00a0 <\/strong>\u00a0\u00a0\u00a0IBAN n\u00ba\u00a0\u00a0\u00a0 ES84 0073 0100 5604 8779 9336<\/p>\n<p>No olvides indicar <strong>tu nombre en el ingreso<\/strong>.<\/p>\n<p>2\u00ba &#8211; Presentar en el Club, o enviar al e-mail \u00a0\u00a0<em>inscripciones.surco@gmail.com<\/em>\u00a0\u00a0\u00a0 el documento firmado\u00a0\u00a0\u00a0 <a href=\"https:\/\/www.fedo.org\/web\/ficheros\/federacion\/licencias\/2023\/2023-Clausula-Alta-SICO.pdf\"><span style=\"color: #0000ff;\"><strong>Consentimiento-Proteccion-Datos<\/strong><\/span><\/a><\/p>\n<p>4\u00ba &#8211; Rellenar el siguiente formulario:<\/p>\n<p><a href=\"https:\/\/forms.gle\/TP6E8KmDATEq7kin7\"><img loading=\"lazy\" decoding=\"async\" class=\"aligncenter  wp-image-1903\" src=\"https:\/\/www.clubsurco.es\/wp-content\/uploads\/Bot\u00f3n-Naranja-LICENCIAS-300x107.png\" alt=\"\" width=\"129\" height=\"46\" srcset=\"https:\/\/www.clubsurco.es\/wp-content\/uploads\/Bot\u00f3n-Naranja-LICENCIAS-300x107.png 300w, https:\/\/www.clubsurco.es\/wp-content\/uploads\/Bot\u00f3n-Naranja-LICENCIAS.png 598w\" sizes=\"auto, (max-width: 129px) 100vw, 129px\" \/><\/a>5\u00ba &#8211; Una vez recibido el justificante de pago, y el documento firmado, el Club tramitar\u00e1 la licencia en la FEDO, que enviar\u00e1 al solicitante un <strong>usuario y una clave<\/strong> para que confirme algunos datos antes de federarlo.<\/p>\n<p>De no recibirse el justificante de ingreso, adjuntado al correo electr\u00f3nico, la licencia s\u00f3lo se tramitar\u00e1 en el momento en que se tenga constancia del ingreso en la cuenta del Club, no haci\u00e9ndose el Club responsable del retraso en su tramitaci\u00f3n.<\/p>\n<p>Una vez tramitada la Licencia desde el Club, y completados los datos por el socio en la p\u00e1gina de la FEDO, no se dar\u00e1 por efectiva hasta la confirmaci\u00f3n por parte de la FEDO de dicha tramitaci\u00f3n ( 7 d\u00edas ). Su alta como Federado ser\u00e1 publicada en la web <a href=\"https:\/\/sico.fedo.org\/\"><span style=\"color: #0000ff;\"><strong>SICO de la FEDO<\/strong><\/span><\/a>.<\/p>\n<p>Durante el tiempo que dure dicho tr\u00e1mite, el Socio correr\u00e1 con los gastos de Inscripci\u00f3n que necesite tramitar para su participaci\u00f3n en las pruebas de Orientaci\u00f3n.<\/p>\n<p>La licencia es \u00fanica y permite participar en todas las modalidades, O-Pie, MTBO, Rogaine y Raid.<\/p>\n<p><u>Precios de Licencias Federativas:<\/u><\/p>\n<p>Las primas se abonan por a\u00f1os naturales y son v\u00e1lidas de 1 de Enero a 31 de Diciembre.<\/p>\n<p>La edad es la que se cumple el a\u00f1o para el que te federas, sea en Enero o sea en Diciembre.<\/p>\n<p>Los corredores de 20 a\u00f1os o menores pagar\u00e1n licencia de tipo C aunque se inscriban en categor\u00edas superiores.<\/p>\n<p><img loading=\"lazy\" decoding=\"async\" class=\" wp-image-9356\" src=\"https:\/\/www.clubsurco.es\/wp-content\/uploads\/Licencias-FEDO-2026-300x103.jpg\" alt=\"\" width=\"580\" height=\"199\" srcset=\"https:\/\/www.clubsurco.es\/wp-content\/uploads\/Licencias-FEDO-2026-300x103.jpg 300w, https:\/\/www.clubsurco.es\/wp-content\/uploads\/Licencias-FEDO-2026-768x265.jpg 768w, https:\/\/www.clubsurco.es\/wp-content\/uploads\/Licencias-FEDO-2026-619x213.jpg 619w, https:\/\/www.clubsurco.es\/wp-content\/uploads\/Licencias-FEDO-2026.jpg 1009w\" sizes=\"auto, (max-width: 580px) 100vw, 580px\" \/><\/p>\n<p><u style=\"font-size: 16px;\">N\u00famero de Licencia FEDERADOS SURCO<\/u><\/p>\n<p>Puedes consultar tu n\u00famero de Licencia en la p\u00e1gina SICO de licencias activas de la FEDO seleccionando SURCO en la casilla Club.<\/p>\n<p style=\"margin: 0cm; margin-bottom: .0001pt; text-align: justify;\"><span style=\"font-size: 10.0pt; font-family: 'Arial',sans-serif;\">Si tu participaci\u00f3n en carreras va a ser muy puntual y no va a llegar a un m\u00ednimo, no es necesario que te federes.<\/span><\/p>\n<p style=\"margin: 0cm; margin-bottom: .0001pt; text-align: justify;\"><span style=\"font-size: 10.0pt; font-family: 'Arial',sans-serif;\">Aunque no contrates una licencia federativa, puedes participar en carreras. Pero para poder hacerlo, al inscribirte en cada prueba deber\u00e1s indicar tu DNI y tu fecha de nacimiento para que el organizador te tramite una Licencia de Prueba que te cubrir\u00e1 durante la misma, pagando un suplemento con tu inscripci\u00f3n.<\/span><\/p>\n<p style=\"margin: 0cm; margin-bottom: .0001pt; text-align: justify;\"><span style=\"font-size: 10.0pt; font-family: 'Arial',sans-serif;\">El suplemento para el seguro es de:<\/span><\/p>\n<p><img loading=\"lazy\" decoding=\"async\" class=\"aligncenter  wp-image-9358\" src=\"https:\/\/www.clubsurco.es\/wp-content\/uploads\/Licencias-de-prueba-2026-300x55.jpg\" alt=\"\" width=\"693\" height=\"127\" srcset=\"https:\/\/www.clubsurco.es\/wp-content\/uploads\/Licencias-de-prueba-2026-300x55.jpg 300w, https:\/\/www.clubsurco.es\/wp-content\/uploads\/Licencias-de-prueba-2026-1024x189.jpg 1024w, https:\/\/www.clubsurco.es\/wp-content\/uploads\/Licencias-de-prueba-2026-768x142.jpg 768w, https:\/\/www.clubsurco.es\/wp-content\/uploads\/Licencias-de-prueba-2026-619x114.jpg 619w, https:\/\/www.clubsurco.es\/wp-content\/uploads\/Licencias-de-prueba-2026.jpg 1273w\" sizes=\"auto, (max-width: 693px) 100vw, 693px\" \/><\/p>\n<p><em>\u00a0<\/em>Para saber si te conviene federarte, o no, echa un c\u00e1lculo teniendo en cuenta las carreras en las que tienes previsto participar este a\u00f1o. Si la suma de suplementos para seguros se acerca al precio de la licencia, o lo supera, est\u00e1 claro que te interesa m\u00e1s federarte.<\/p>\n<p><span style=\"color: #ff0000;\"><strong>MUY IMPORTANTE<\/strong><\/span>:<\/p>\n<p><strong><em>\u00a0<span style=\"color: #ff0000;\">Si no est\u00e1s federado, podr\u00e1s participar, pero s\u00f3lo en las categor\u00edas OPEN.<\/span><\/em><\/strong><\/p>\n","protected":false},"excerpt":{"rendered":"<p>LICENCIAS 2026 \u00bf Por qu\u00e9 federarse ? Cuando practicas un deporte, como en cualquier actividad, puedes lesionarte o tener un accidente. El hecho de que te federes te permite estar cubierto por un seguro que contrata la Federaci\u00f3n Espa\u00f1ola del Deporte de Orientaci\u00f3n ( FEDO ) para sus federados. Puedes ver todo lo referente a [&hellip;]<\/p>\n","protected":false},"author":1,"featured_media":0,"parent":1872,"menu_order":2,"comment_status":"closed","ping_status":"closed","template":"","meta":{"footnotes":""},"class_list":["post-1876","page","type-page","status-publish","hentry"],"_links":{"self":[{"href":"https:\/\/www.clubsurco.es\/index.php?rest_route=\/wp\/v2\/pages\/1876","targetHints":{"allow":["GET"]}}],"collection":[{"href":"https:\/\/www.clubsurco.es\/index.php?rest_route=\/wp\/v2\/pages"}],"about":[{"href":"https:\/\/www.clubsurco.es\/index.php?rest_route=\/wp\/v2\/types\/page"}],"author":[{"embeddable":true,"href":"https:\/\/www.clubsurco.es\/index.php?rest_route=\/wp\/v2\/users\/1"}],"replies":[{"embeddable":true,"href":"https:\/\/www.clubsurco.es\/index.php?rest_route=%2Fwp%2Fv2%2Fcomments&post=1876"}],"version-history":[{"count":31,"href":"https:\/\/www.clubsurco.es\/index.php?rest_route=\/wp\/v2\/pages\/1876\/revisions"}],"predecessor-version":[{"id":9360,"href":"https:\/\/www.clubsurco.es\/index.php?rest_route=\/wp\/v2\/pages\/1876\/revisions\/9360"}],"up":[{"embeddable":true,"href":"https:\/\/www.clubsurco.es\/index.php?rest_route=\/wp\/v2\/pages\/1872"}],"wp:attachment":[{"href":"https:\/\/www.clubsurco.es\/index.php?rest_route=%2Fwp%2Fv2%2Fmedia&parent=1876"}],"curies":[{"name":"wp","href":"https:\/\/api.w.org\/{rel}","templated":true}]}}