{"id":1878,"date":"2018-03-31T18:07:11","date_gmt":"2018-03-31T16:07:11","guid":{"rendered":"http:\/\/www.clubsurco.es\/?page_id=1878"},"modified":"2024-01-28T12:35:27","modified_gmt":"2024-01-28T11:35:27","slug":"equipaciones","status":"publish","type":"page","link":"https:\/\/www.clubsurco.es\/?page_id=1878","title":{"rendered":"EQUIPACIONES"},"content":{"rendered":"<p>Los socios que deseen adquirir equipaciones deber\u00e1n rellenar el formulario en el que seleccionar\u00e1n la talla del material que desean adquirir.<\/p>\n<p>El precio que figura en cada prenda es el que hay que abonar. En \u00e9l ya est\u00e1 descontada la peque\u00f1a ayuda que el Club hace, ya que el precio real es ligeramente m\u00e1s alto ( 5 \u20ac ).<\/p>\n<p>Una vez rellenado el formulario, hacer el c\u00e1lculo del coste de todo el material que se solicita e ingresarlo en la cuenta del Club.<\/p>\n<p>Las equipaciones <strong>no se pueden pedir de UNA en UNA<\/strong>. Los fabricantes s\u00f3lo sirven a partir de una cierta cantidad, por lo que los pedidos se ir\u00e1n haciendo en fechas marcadas y si se completan esos m\u00ednimos que los fabricantes exigen.<\/p>\n<p>Pr\u00f3ximo pedido previsto de equipaciones <strong>para O-Pie<\/strong>:<\/p>\n<p style=\"text-align: center;\"><span style=\"color: #ff0000;\"><strong>Primeros de Marzo de 2024<\/strong><\/span><\/p>\n<p>Cuando se reciban, se avisar\u00e1 a los solicitantes para que pasen por el Club a recoger las prendas que encargaron.<\/p>\n<p>Los Buffs est\u00e1n ya disponibles en el Club. Una vez hecho el ingreso, se puede pasar a recogerlos.<\/p>\n<p><a href=\"https:\/\/www.clubsurco.es\/?page_id=1882\"><img loading=\"lazy\" decoding=\"async\" class=\"aligncenter wp-image-1906\" src=\"https:\/\/www.clubsurco.es\/wp-content\/uploads\/Bot\u00f3n-Naranja-O-PIE-300x107.png\" alt=\"\" width=\"199\" height=\"71\" srcset=\"https:\/\/www.clubsurco.es\/wp-content\/uploads\/Bot\u00f3n-Naranja-O-PIE-300x107.png 300w, https:\/\/www.clubsurco.es\/wp-content\/uploads\/Bot\u00f3n-Naranja-O-PIE.png 598w\" sizes=\"auto, (max-width: 199px) 100vw, 199px\" \/><\/a><\/p>\n<p><a href=\"https:\/\/www.clubsurco.es\/?page_id=1884\"><img loading=\"lazy\" decoding=\"async\" class=\"aligncenter wp-image-1905\" src=\"https:\/\/www.clubsurco.es\/wp-content\/uploads\/Bot\u00f3n-Naranja-MTBO-300x107.png\" alt=\"\" width=\"199\" height=\"71\" srcset=\"https:\/\/www.clubsurco.es\/wp-content\/uploads\/Bot\u00f3n-Naranja-MTBO-300x107.png 300w, https:\/\/www.clubsurco.es\/wp-content\/uploads\/Bot\u00f3n-Naranja-MTBO.png 598w\" sizes=\"auto, (max-width: 199px) 100vw, 199px\" \/><\/a><\/p>\n<p><a href=\"https:\/\/www.clubsurco.es\/?page_id=1886\"><img loading=\"lazy\" decoding=\"async\" class=\"aligncenter wp-image-1899\" src=\"https:\/\/www.clubsurco.es\/wp-content\/uploads\/Bot\u00f3n-Naranja-CH\u00c1NDAL-300x107.png\" alt=\"\" width=\"199\" height=\"71\" srcset=\"https:\/\/www.clubsurco.es\/wp-content\/uploads\/Bot\u00f3n-Naranja-CH\u00c1NDAL-300x107.png 300w, https:\/\/www.clubsurco.es\/wp-content\/uploads\/Bot\u00f3n-Naranja-CH\u00c1NDAL.png 598w\" sizes=\"auto, (max-width: 199px) 100vw, 199px\" \/><\/a><\/p>\n<p><a href=\"https:\/\/www.clubsurco.es\/?page_id=1888\"><img loading=\"lazy\" decoding=\"async\" class=\"aligncenter wp-image-1898\" src=\"https:\/\/www.clubsurco.es\/wp-content\/uploads\/Bot\u00f3n-Naranja-BRAGA-300x107.png\" alt=\"\" width=\"199\" height=\"71\" srcset=\"https:\/\/www.clubsurco.es\/wp-content\/uploads\/Bot\u00f3n-Naranja-BRAGA-300x107.png 300w, https:\/\/www.clubsurco.es\/wp-content\/uploads\/Bot\u00f3n-Naranja-BRAGA.png 598w\" sizes=\"auto, (max-width: 199px) 100vw, 199px\" \/><\/a><\/p>\n<p><em>\u00a0<\/em><\/p>\n","protected":false},"excerpt":{"rendered":"<p>Los socios que deseen adquirir equipaciones deber\u00e1n rellenar el formulario en el que seleccionar\u00e1n la talla del material que desean adquirir. El precio que figura en cada prenda es el que hay que abonar. En \u00e9l ya est\u00e1 descontada la peque\u00f1a ayuda que el Club hace, ya que el precio real es ligeramente m\u00e1s alto [&hellip;]<\/p>\n","protected":false},"author":1,"featured_media":0,"parent":1872,"menu_order":3,"comment_status":"closed","ping_status":"closed","template":"","meta":{"footnotes":""},"class_list":["post-1878","page","type-page","status-publish","hentry"],"_links":{"self":[{"href":"https:\/\/www.clubsurco.es\/index.php?rest_route=\/wp\/v2\/pages\/1878","targetHints":{"allow":["GET"]}}],"collection":[{"href":"https:\/\/www.clubsurco.es\/index.php?rest_route=\/wp\/v2\/pages"}],"about":[{"href":"https:\/\/www.clubsurco.es\/index.php?rest_route=\/wp\/v2\/types\/page"}],"author":[{"embeddable":true,"href":"https:\/\/www.clubsurco.es\/index.php?rest_route=\/wp\/v2\/users\/1"}],"replies":[{"embeddable":true,"href":"https:\/\/www.clubsurco.es\/index.php?rest_route=%2Fwp%2Fv2%2Fcomments&post=1878"}],"version-history":[{"count":12,"href":"https:\/\/www.clubsurco.es\/index.php?rest_route=\/wp\/v2\/pages\/1878\/revisions"}],"predecessor-version":[{"id":7634,"href":"https:\/\/www.clubsurco.es\/index.php?rest_route=\/wp\/v2\/pages\/1878\/revisions\/7634"}],"up":[{"embeddable":true,"href":"https:\/\/www.clubsurco.es\/index.php?rest_route=\/wp\/v2\/pages\/1872"}],"wp:attachment":[{"href":"https:\/\/www.clubsurco.es\/index.php?rest_route=%2Fwp%2Fv2%2Fmedia&parent=1878"}],"curies":[{"name":"wp","href":"https:\/\/api.w.org\/{rel}","templated":true}]}}