{"id":1884,"date":"2018-03-31T18:17:04","date_gmt":"2018-03-31T16:17:04","guid":{"rendered":"http:\/\/www.clubsurco.es\/?page_id=1884"},"modified":"2018-03-31T20:50:58","modified_gmt":"2018-03-31T18:50:58","slug":"mtbo","status":"publish","type":"page","link":"https:\/\/www.clubsurco.es\/?page_id=1884","title":{"rendered":"EQUIPACIONES MTBO"},"content":{"rendered":"<p>Los socios que deseen adquirir equipaciones deber\u00e1n rellenar el formulario en el que seleccionar\u00e1n la talla del material que desean adquirir.<\/p>\n<p>El precio que figura en cada prenda es el que hay que abonar. En \u00e9l ya est\u00e1 descontada la peque\u00f1a ayuda que el Club hace, ya que el precio real es ligeramente m\u00e1s alto ( 5 \u20ac ).<\/p>\n<p>Una vez rellenado el formulario, hacer el c\u00e1lculo del coste de todo el material que se solicita e ingresarlo en la cuenta del Club.<\/p>\n<p><strong>OPEN BANK\u00a0 <\/strong>\u00a0\u00a0\u00a0IBAN n\u00ba\u00a0\u00a0\u00a0 ES84 0073 0100 5604 8779 9336<\/p>\n<p>Las equipaciones no se pueden pedir de UNA en UNA. Los fabricantes s\u00f3lo sirven a partir de una cierta cantidad, por lo que los pedidos se ir\u00e1n haciendo seg\u00fan se vayan completando esos m\u00ednimos que los fabricantes exigen.<\/p>\n<p>Cuando se reciban, se avisar\u00e1 a los solicitantes para que pasen por el Club a recoger las prendas que encargaron.<\/p>\n<p><img loading=\"lazy\" decoding=\"async\" class=\"aligncenter wp-image-1932\" src=\"https:\/\/www.clubsurco.es\/wp-content\/uploads\/modelos-obm-ref-150210-red-300x212.jpg\" alt=\"\" width=\"791\" height=\"559\" srcset=\"https:\/\/www.clubsurco.es\/wp-content\/uploads\/modelos-obm-ref-150210-red-300x212.jpg 300w, https:\/\/www.clubsurco.es\/wp-content\/uploads\/modelos-obm-ref-150210-red-768x544.jpg 768w, https:\/\/www.clubsurco.es\/wp-content\/uploads\/modelos-obm-ref-150210-red-1024x725.jpg 1024w, https:\/\/www.clubsurco.es\/wp-content\/uploads\/modelos-obm-ref-150210-red-619x438.jpg 619w, https:\/\/www.clubsurco.es\/wp-content\/uploads\/modelos-obm-ref-150210-red.jpg 1509w\" sizes=\"auto, (max-width: 791px) 100vw, 791px\" \/><\/p>\n<p><img loading=\"lazy\" decoding=\"async\" class=\"aligncenter wp-image-1931\" src=\"https:\/\/www.clubsurco.es\/wp-content\/uploads\/Tallas-246x300.jpg\" alt=\"\" width=\"759\" height=\"926\" srcset=\"https:\/\/www.clubsurco.es\/wp-content\/uploads\/Tallas-246x300.jpg 246w, https:\/\/www.clubsurco.es\/wp-content\/uploads\/Tallas-768x936.jpg 768w, https:\/\/www.clubsurco.es\/wp-content\/uploads\/Tallas-619x754.jpg 619w, https:\/\/www.clubsurco.es\/wp-content\/uploads\/Tallas.jpg 1173w\" sizes=\"auto, (max-width: 759px) 100vw, 759px\" \/><\/p>\n<p><a href=\"https:\/\/docs.google.com\/forms\/d\/1hjWV7P1SBq5VDQihnywKPqu6Cbhl-AVV4o4qNxZVP44\/viewform?c=0&amp;w=1&amp;usp=mail_form_link\"><img loading=\"lazy\" decoding=\"async\" class=\"aligncenter size-medium wp-image-1935\" src=\"https:\/\/www.clubsurco.es\/wp-content\/uploads\/PETICI\u00d3N-de-EQUIPACIONES-MTBO-300x45.png\" alt=\"\" width=\"300\" height=\"45\" srcset=\"https:\/\/www.clubsurco.es\/wp-content\/uploads\/PETICI\u00d3N-de-EQUIPACIONES-MTBO-300x45.png 300w, https:\/\/www.clubsurco.es\/wp-content\/uploads\/PETICI\u00d3N-de-EQUIPACIONES-MTBO.png 339w\" sizes=\"auto, (max-width: 300px) 100vw, 300px\" \/><\/a><\/p>\n","protected":false},"excerpt":{"rendered":"<p>Los socios que deseen adquirir equipaciones deber\u00e1n rellenar el formulario en el que seleccionar\u00e1n la talla del material que desean adquirir. El precio que figura en cada prenda es el que hay que abonar. En \u00e9l ya est\u00e1 descontada la peque\u00f1a ayuda que el Club hace, ya que el precio real es ligeramente m\u00e1s alto [&hellip;]<\/p>\n","protected":false},"author":1,"featured_media":0,"parent":1878,"menu_order":2,"comment_status":"closed","ping_status":"closed","template":"","meta":{"footnotes":""},"class_list":["post-1884","page","type-page","status-publish","hentry"],"_links":{"self":[{"href":"https:\/\/www.clubsurco.es\/index.php?rest_route=\/wp\/v2\/pages\/1884","targetHints":{"allow":["GET"]}}],"collection":[{"href":"https:\/\/www.clubsurco.es\/index.php?rest_route=\/wp\/v2\/pages"}],"about":[{"href":"https:\/\/www.clubsurco.es\/index.php?rest_route=\/wp\/v2\/types\/page"}],"author":[{"embeddable":true,"href":"https:\/\/www.clubsurco.es\/index.php?rest_route=\/wp\/v2\/users\/1"}],"replies":[{"embeddable":true,"href":"https:\/\/www.clubsurco.es\/index.php?rest_route=%2Fwp%2Fv2%2Fcomments&post=1884"}],"version-history":[{"count":5,"href":"https:\/\/www.clubsurco.es\/index.php?rest_route=\/wp\/v2\/pages\/1884\/revisions"}],"predecessor-version":[{"id":1946,"href":"https:\/\/www.clubsurco.es\/index.php?rest_route=\/wp\/v2\/pages\/1884\/revisions\/1946"}],"up":[{"embeddable":true,"href":"https:\/\/www.clubsurco.es\/index.php?rest_route=\/wp\/v2\/pages\/1878"}],"wp:attachment":[{"href":"https:\/\/www.clubsurco.es\/index.php?rest_route=%2Fwp%2Fv2%2Fmedia&parent=1884"}],"curies":[{"name":"wp","href":"https:\/\/api.w.org\/{rel}","templated":true}]}}