{"id":1959,"date":"2018-04-03T17:55:39","date_gmt":"2018-04-03T15:55:39","guid":{"rendered":"http:\/\/www.clubsurco.es\/?page_id=1959"},"modified":"2026-02-18T20:27:09","modified_gmt":"2026-02-18T19:27:09","slug":"juegos-deportivos-municipales","status":"publish","type":"page","link":"https:\/\/www.clubsurco.es\/?page_id=1959","title":{"rendered":"JDM 2026"},"content":{"rendered":"<h3><span style=\"color: #ff0000;\"><strong>ORIENTACI\u00d3N &#8211; JUEGOS DEPORTIVOS MUNICIPALES 2026<\/strong><\/span><\/h3>\n<p>Tras el aplazamiento de la carrera del Parque Andarax debido a la ALERTA NARANJA por fuertes vientos, el programa de los JDM 2026 queda as\u00ed:<\/p>\n<p><img loading=\"lazy\" decoding=\"async\" class=\"aligncenter  wp-image-9549\" src=\"https:\/\/www.clubsurco.es\/wp-content\/uploads\/cartel-A3-juegos-liga-almeria-2025-26-cambios-FEBRERO-red-red-213x300.jpeg\" alt=\"\" width=\"349\" height=\"492\" srcset=\"https:\/\/www.clubsurco.es\/wp-content\/uploads\/cartel-A3-juegos-liga-almeria-2025-26-cambios-FEBRERO-red-red-213x300.jpeg 213w, https:\/\/www.clubsurco.es\/wp-content\/uploads\/cartel-A3-juegos-liga-almeria-2025-26-cambios-FEBRERO-red-red-619x871.jpeg 619w, https:\/\/www.clubsurco.es\/wp-content\/uploads\/cartel-A3-juegos-liga-almeria-2025-26-cambios-FEBRERO-red-red.jpeg 711w\" sizes=\"auto, (max-width: 349px) 100vw, 349px\" \/><\/p>\n<p>El Club de Orientaci\u00f3n SURCO organiza bajo el patrocinio del Patronato Municipal de Deportes el circuito de los Juegos Deportivos Municipales de Orientaci\u00f3n 2026.<\/p>\n<p><span style=\"color: #ff0000;\"><strong><u>FECHAS y LUGARES de COMPETICI\u00d3N<\/u><\/strong><\/span><\/p>\n<p>El circuito estar\u00e1 formado por <strong>cinco carreras<\/strong> que se correr\u00e1n en:<\/p>\n<p>1\u00aa &#8211; 24 Enero \u2013 Parque\u00a0 de las Familias<\/p>\n<p>2\u00aa &#8211; 14 Marzo &#8211; Felix<\/p>\n<p>3\u00aa &#8211; 11 Abril \u2013 \u00cdllar<\/p>\n<p>4\u00aa \u2013 14 Febrero \u2013 Parque Andarax<\/p>\n<p>5\u00aa &#8211; 23 Mayo &#8211; El Toyo (WOW)<\/p>\n<p><span style=\"color: #ff0000;\"><strong><u>CATEGOR\u00cdAS de COMPETICI\u00d3N<\/u><\/strong><\/span><\/p>\n<p>Las categor\u00edas de participaci\u00f3n depender\u00e1n de la edad del corredor:<\/p>\n<p><img loading=\"lazy\" decoding=\"async\" class=\"aligncenter  wp-image-9282\" src=\"https:\/\/www.clubsurco.es\/wp-content\/uploads\/Categorias-JDM-2026-300x135.jpg\" alt=\"\" width=\"529\" height=\"238\" srcset=\"https:\/\/www.clubsurco.es\/wp-content\/uploads\/Categorias-JDM-2026-300x135.jpg 300w, https:\/\/www.clubsurco.es\/wp-content\/uploads\/Categorias-JDM-2026-768x346.jpg 768w, https:\/\/www.clubsurco.es\/wp-content\/uploads\/Categorias-JDM-2026-619x279.jpg 619w, https:\/\/www.clubsurco.es\/wp-content\/uploads\/Categorias-JDM-2026.jpg 775w\" sizes=\"auto, (max-width: 529px) 100vw, 529px\" \/><\/p>\n<p>Los recorridos variar\u00e1n en longitud y dificultad t\u00e9cnica en funci\u00f3n de la categor\u00eda.<\/p>\n<p><img loading=\"lazy\" decoding=\"async\" class=\"aligncenter  wp-image-8336\" src=\"https:\/\/www.clubsurco.es\/wp-content\/uploads\/2025-Descripci\u00f3n-categor\u00edas-JDM-300x40.jpg\" alt=\"\" width=\"616\" height=\"82\" srcset=\"https:\/\/www.clubsurco.es\/wp-content\/uploads\/2025-Descripci\u00f3n-categor\u00edas-JDM-300x40.jpg 300w, https:\/\/www.clubsurco.es\/wp-content\/uploads\/2025-Descripci\u00f3n-categor\u00edas-JDM-768x103.jpg 768w, https:\/\/www.clubsurco.es\/wp-content\/uploads\/2025-Descripci\u00f3n-categor\u00edas-JDM-1024x137.jpg 1024w, https:\/\/www.clubsurco.es\/wp-content\/uploads\/2025-Descripci\u00f3n-categor\u00edas-JDM-619x83.jpg 619w, https:\/\/www.clubsurco.es\/wp-content\/uploads\/2025-Descripci\u00f3n-categor\u00edas-JDM.jpg 1092w\" sizes=\"auto, (max-width: 616px) 100vw, 616px\" \/><\/p>\n<p><span style=\"color: #ff0000;\"><strong><u>CONTROL DE TIEMPOS<\/u><\/strong><\/span><\/p>\n<p>Se intentar\u00e1, siempre que sea posible, controlar la carrera con el sistema electr\u00f3nico SportIdent. Para ello, se prestar\u00e1, previa entrega de fianza, una pinza electr\u00f3nica a los corredores. La fianza se devolver\u00e1 al final de la carrera al entregar la pinza en buen estado.<\/p>\n<p>Para los m\u00e1s peque\u00f1os y en los casos de indisponibilidad de pinzas electr\u00f3nicas, se emplear\u00e1 el sistema tradicional de tarjetas de papel. En ese caso, un controlador de META recoger\u00e1 las tarjetas a los corredores para la anotaci\u00f3n de su hora de llegada y la posterior correcci\u00f3n de las picadas.<\/p>\n<p><span style=\"color: #ff0000;\"><strong><u>PROGRAMA<\/u><\/strong><\/span><\/p>\n<p>Para cada carrera se publicar\u00e1 un bolet\u00edn en el que se especificar\u00e1n horarios y localizaci\u00f3n del Centro de Competici\u00f3n ( Salida y Meta ), as\u00ed como cualquier particularidad que tenga esa carrera.<\/p>\n<p><strong><span style=\"color: #ff0000;\">Como norma general:<\/span><\/strong><\/p>\n<p>&#8212; Los corredores deber\u00e1n estar con la suficiente antelaci\u00f3n en la zona de carrera para tener tiempo de recoger su pinza electr\u00f3nica o su tarjeta antes de su hora de salida.<\/p>\n<p>&#8212; Los corredores que se retiren, sea cual sea la causa, est\u00e1n <span style=\"color: #ff0000;\"><strong>obligados a pasar por META<\/strong><\/span> y comunicarlo para evitar preocupaciones y b\u00fasquedas innecesarias.<\/p>\n<p>&#8212; Pasada la hora de cierre de META, los corredores que no hayan terminado su recorrido deber\u00e1n dejar la competici\u00f3n y volver a META, ya que a esa hora comenzar\u00e1 la recogida de balizas, no estando por tanto garantizado que puedan encontrar las que est\u00e9n buscando.<\/p>\n<p><span style=\"color: #ff0000;\"><strong>INSCRIPCIONES<\/strong><\/span><\/p>\n<p>Con el fin de facilitar la participaci\u00f3n en las carreras a corredores que s\u00f3lo lo har\u00e1n aleatoriamente sin participar en los JDM, se habilitar\u00e1 una inscripci\u00f3n sin los requerimientos del PMD. Su clasificaci\u00f3n <span style=\"color: #ff0000;\"><strong>no entrar\u00e1<\/strong><\/span> en la de los JDM.<\/p>\n<p><span style=\"color: #ff0000;\"><strong>COMPETIR y PARTICIPAR en los JDM<\/strong><\/span><\/p>\n<p>El Patronato Municipal de Deportes exige que para participar en los Juegos Deportivos Municipales se debe estar inscrito en el Patronato.<\/p>\n<p>Para ello, antes de inscribirse en las carreras se debe pertenecer al Patronato Municipal de Deportes (PMD).<\/p>\n<p>Si ya est\u00e1s afiliado al PMD, necesitar\u00e1s saber tu n\u00famero de afiliado. Ser\u00e1 imprescindible para inscribirte en las carreras.<\/p>\n<p><strong>Si no est\u00e1s afiliado al PMD, deber\u00e1s afiliarte<\/strong>. Es muy sencillo, s\u00f3lo lleva unos minutos, y s\u00f3lo cuesta 3 \u20ac.<\/p>\n<p>La validez de la afiliaci\u00f3n es indefinida.<\/p>\n<p>En este PdF se explica <strong>c\u00f3mo saber si ya est\u00e1s afiliado<\/strong>, y en caso de que no lo est\u00e9s, c\u00f3mo afiliarte.<\/p>\n<p style=\"text-align: center;\"><a href=\"https:\/\/www.clubsurco.es\/wp-content\/uploads\/Inscripci\u00f3n-en-Patronato-2025.pdf\"><span style=\"color: #0000ff;\"><strong>Inscripci\u00f3n en Patronato<\/strong><\/span><\/a><\/p>\n<p style=\"text-align: center;\"><strong>Web del Patronato Municipal de Deportes<\/strong><\/p>\n<p><a href=\"https:\/\/ovpmd.aytoalmeria.es\/\"><img loading=\"lazy\" decoding=\"async\" class=\"aligncenter size-medium wp-image-6556\" src=\"https:\/\/www.clubsurco.es\/wp-content\/uploads\/Inscripci\u00f3n-PMD-1-300x127.jpg\" alt=\"\" width=\"300\" height=\"127\" srcset=\"https:\/\/www.clubsurco.es\/wp-content\/uploads\/Inscripci\u00f3n-PMD-1-300x127.jpg 300w, https:\/\/www.clubsurco.es\/wp-content\/uploads\/Inscripci\u00f3n-PMD-1-768x324.jpg 768w, https:\/\/www.clubsurco.es\/wp-content\/uploads\/Inscripci\u00f3n-PMD-1-1024x432.jpg 1024w, https:\/\/www.clubsurco.es\/wp-content\/uploads\/Inscripci\u00f3n-PMD-1-619x261.jpg 619w, https:\/\/www.clubsurco.es\/wp-content\/uploads\/Inscripci\u00f3n-PMD-1.jpg 1346w\" sizes=\"auto, (max-width: 300px) 100vw, 300px\" \/><\/a><\/p>\n<p>El sistema te habr\u00e1 asignado un n\u00famero de abonado que ser\u00e1 imprescindible para inscribirte en las carreras.<\/p>\n<p>Recuerda este n\u00famero, ya que se te pedir\u00e1 para inscribirte en todas las carreras de los Juegos Deportivos Municipales.<\/p>\n<p><span style=\"color: #ff0000;\"><strong><u>INSCRIPCIONES para las carreras<\/u><\/strong><\/span><\/p>\n<p>Para cada carrera se colgar\u00e1 un formulario.<\/p>\n<p>Los corredores que quieran participar deber\u00e1n inscribirse dentro del plazo previsto.<\/p>\n<p>Una vez terminado el plazo, el formulario ser\u00e1 cerrado y s\u00f3lo los inscritos hasta esa fecha, que adem\u00e1s hayan pagado su inscripci\u00f3n, participar\u00e1n en la competici\u00f3n.<\/p>\n<p><a href=\"https:\/\/www.clubsurco.es\/?page_id=2385\"><span style=\"color: #0000ff;\"><strong>08-01-2026 &#8212; Apertura de Inscripciones para la 1\u00aa prueba en el Parque de las Familias<\/strong><\/span><\/a><\/p>\n<p><a href=\"https:\/\/www.clubsurco.es\/?page_id=2375\"><span style=\"color: #0000ff;\"><strong>25-02-2026 &#8212; Apertura de Inscripciones para la 2\u00aa prueba en Felix<\/strong><\/span><\/a><\/p>\n<p><a href=\"https:\/\/www.clubsurco.es\/?page_id=2379\"><span style=\"color: #0000ff;\"><strong>25-03-2026 &#8212; Apertura de Inscripciones para la 3\u00aa prueba en \u00cdllar<\/strong><\/span><\/a><\/p>\n<p><a href=\"https:\/\/www.clubsurco.es\/?page_id=2373\"><span style=\"color: #0000ff;\"><strong>22-04-2026 &#8212; Apertura de Inscripciones para la 4\u00aa prueba en el Parque Andarax<\/strong><\/span><\/a><\/p>\n<p><a href=\"https:\/\/www.clubsurco.es\/?page_id=7486\"><span style=\"color: #0000ff;\"><strong>06-05-2026 &#8212; Apertura de Inscripciones para la 5\u00aa prueba en El Toyo<\/strong><\/span><\/a><\/p>\n<p><span style=\"color: #ff0000;\"><strong>NO SE HAR\u00c1N INSCRIPCIONES EL D\u00cdA DE LA CARRERA<\/strong><\/span><\/p>\n<p>Los corredores no inscritos o que no hayan pagado su inscripci\u00f3n, que deseen hacer un recorrido, podr\u00e1n hacerlo a t\u00edtulo personal comprando un mapa <span style=\"color: #ff0000;\"><strong>( 1 \u20ac )<\/strong><\/span> en la zona de carrera <span style=\"color: #ff0000;\"><strong>(s\u00f3lo Open Amarillo o Prebenjam\u00edn) (hasta fin de existencias)<\/strong><\/span>, pero no se les controlar\u00e1 el tiempo, no entrar\u00e1n en la clasificaci\u00f3n y lo har\u00e1n bajo su responsabilidad ya que no estar\u00e1n protegidos por el seguro de la prueba. Estos corredores no podr\u00e1n empezar hasta pasados cinco minutos de la salida del \u00faltimo corredor de la competici\u00f3n oficial.<\/p>\n<p><span style=\"color: #0000ff;\"><strong>\u00bf QUIERES QUE TE AVISEMOS CUANDO SE ABRAN LAS INSCRIPCIONES ?<\/strong><\/span><\/p>\n<p>D\u00e9janos tu correo electr\u00f3nico y te enviaremos un mail el d\u00eda de apertura de inscripciones con enlace directo al bolet\u00edn de la carrera.<\/p>\n<p><a href=\"https:\/\/forms.gle\/fQxB2TCaM8fAqErH7\"><img loading=\"lazy\" decoding=\"async\" class=\"aligncenter size-full wp-image-4263\" src=\"https:\/\/www.clubsurco.es\/wp-content\/uploads\/S\u00ed-Avisadme.png\" alt=\"\" width=\"235\" height=\"51\" \/><\/a><\/p>\n<p><span style=\"color: #ff0000;\"><strong><u>PRECIO de los Juegos Deportivos Municipales<\/u><\/strong><\/span><\/p>\n<p>El precio de inscripci\u00f3n en el circuito es de <strong><span style=\"color: #ff0000;\">15 \u20ac<\/span><\/strong>, debi\u00e9ndose abonar <span style=\"color: #ff0000;\"><strong>una sola vez<\/strong><\/span>. Da derecho a correr en una, dos o las cinco carreras. Se participe en una o en las cinco, el precio es el mismo.<\/p>\n<p>Pero no hay que olvidar que hay que inscribirse en cada una de las carreras para poder participar, pues s\u00f3lo se imprimir\u00e1n mapas en cada carrera para los que se hayan inscrito en esa carrera.<\/p>\n<p>Importante: <span style=\"color: #ff0000;\"><strong>Un solo pago<\/strong><\/span>, pero cinco inscripciones.<\/p>\n<p>Aunque un corredor haya pagado y corrido en la primera carrera, <span style=\"color: #ff0000;\"><strong>si no se inscribe<\/strong><\/span> en la segunda, tercera, cuarta, o quinta, no podr\u00e1 correr en ellas porque no habr\u00e1 mapa para ese corredor.<\/p>\n<p>La cuenta de ingreso de la cuota de inscripci\u00f3n es:<\/p>\n<p><strong>OPEN BANK<\/strong>\u00a0\u00a0 IBAN n\u00ba\u00a0\u00a0\u00a0 ES84 0073 0100 5604 8779 9336<\/p>\n<p>Titular: Club de Orientaci\u00f3n SURCO<\/p>\n<p>No olvidar indicar el nombre del corredor en el ingreso bancario.<\/p>\n<p><span style=\"color: #ff0000;\"><strong><u>CLASIFICACI\u00d3N GENERAL 2026<\/u><\/strong><\/span><\/p>\n<p>La clasificaci\u00f3n de los Juegos Deportivos Municipales de Orientaci\u00f3n se obtiene con la <span style=\"color: #ff0000;\"><strong>suma de puntos de las tres mejores carreras de cada corredor<\/strong><\/span>.<\/p>\n<p>Los puntos se obtienen tomando como referencia el tiempo del ganador al que se le adjudican 1000 puntos.<\/p>\n<p>Los puntos del resto de corredores se obtienen dividiendo el tiempo del ganador por sus tiempos y multiplicando el resultado por 1000. Como m\u00ednimo se les adjudicar\u00e1n 100 puntos.<\/p>\n<p>Los corredores que no terminen la carrera, o que habi\u00e9ndola terminado no la hayan hecho correctamente, obtienen 100 puntos por su participaci\u00f3n.<\/p>\n<p>Para obtener TROFEO se deber\u00e1 haber competido por lo menos en <strong><span style=\"color: #ff0000;\">DOS carrera<\/span>s<\/strong>.<\/p>\n<p>La categor\u00eda PREBENJAM\u00cdN no es competitiva. Obtendr\u00e1n Trofeo todos los que hayan participado en por lo menos <span style=\"color: #ff0000;\"><strong>DOS carreras.<\/strong><\/span><\/p>\n<p>Los <span style=\"color: #ff0000;\"><strong>COLOCADORES, CART\u00d3GRAFOS y TRAZADORES<\/strong><\/span> \u00a0que no hayan competido por TRABAJAR en la organizaci\u00f3n, obtendr\u00e1n en cada carrera en la que hayan trabajado la <strong><span style=\"color: #ff0000;\">media de sus dos mejores carrera<\/span>s.<\/strong><br \/>\nS\u00f3lo optar\u00e1n a trofeo si han competido <span style=\"color: #ff0000;\"><strong>en por lo menos DOS carreras<\/strong>.<\/span><\/p>\n<h3>M\u00e1s informaci\u00f3n:\u00a0 \u00a0\u00a0\u00a0\u00a0\u00a0\u00a0\u00a0<span style=\"color: #0000ff;\"><em>inscripciones.surco@gmail.com<\/em><\/span><\/h3>\n<p><img loading=\"lazy\" decoding=\"async\" class=\" wp-image-9284\" src=\"https:\/\/www.clubsurco.es\/wp-content\/uploads\/Publicidad-PMD-JDM-2026-red-300x56.jpg\" alt=\"\" width=\"530\" height=\"99\" srcset=\"https:\/\/www.clubsurco.es\/wp-content\/uploads\/Publicidad-PMD-JDM-2026-red-300x56.jpg 300w, https:\/\/www.clubsurco.es\/wp-content\/uploads\/Publicidad-PMD-JDM-2026-red-1024x192.jpg 1024w, https:\/\/www.clubsurco.es\/wp-content\/uploads\/Publicidad-PMD-JDM-2026-red-768x144.jpg 768w, https:\/\/www.clubsurco.es\/wp-content\/uploads\/Publicidad-PMD-JDM-2026-red-1536x288.jpg 1536w, https:\/\/www.clubsurco.es\/wp-content\/uploads\/Publicidad-PMD-JDM-2026-red-619x116.jpg 619w, https:\/\/www.clubsurco.es\/wp-content\/uploads\/Publicidad-PMD-JDM-2026-red.jpg 2000w\" sizes=\"auto, (max-width: 530px) 100vw, 530px\" \/><\/p>\n","protected":false},"excerpt":{"rendered":"<p>ORIENTACI\u00d3N &#8211; JUEGOS DEPORTIVOS MUNICIPALES 2026 Tras el aplazamiento de la carrera del Parque Andarax debido a la ALERTA NARANJA por fuertes vientos, el programa de los JDM 2026 queda as\u00ed: El Club de Orientaci\u00f3n SURCO organiza bajo el patrocinio del Patronato Municipal de Deportes el circuito de los Juegos Deportivos Municipales de Orientaci\u00f3n 2026. [&hellip;]<\/p>\n","protected":false},"author":1,"featured_media":0,"parent":0,"menu_order":3,"comment_status":"closed","ping_status":"closed","template":"","meta":{"footnotes":""},"class_list":["post-1959","page","type-page","status-publish","hentry"],"_links":{"self":[{"href":"https:\/\/www.clubsurco.es\/index.php?rest_route=\/wp\/v2\/pages\/1959","targetHints":{"allow":["GET"]}}],"collection":[{"href":"https:\/\/www.clubsurco.es\/index.php?rest_route=\/wp\/v2\/pages"}],"about":[{"href":"https:\/\/www.clubsurco.es\/index.php?rest_route=\/wp\/v2\/types\/page"}],"author":[{"embeddable":true,"href":"https:\/\/www.clubsurco.es\/index.php?rest_route=\/wp\/v2\/users\/1"}],"replies":[{"embeddable":true,"href":"https:\/\/www.clubsurco.es\/index.php?rest_route=%2Fwp%2Fv2%2Fcomments&post=1959"}],"version-history":[{"count":81,"href":"https:\/\/www.clubsurco.es\/index.php?rest_route=\/wp\/v2\/pages\/1959\/revisions"}],"predecessor-version":[{"id":9562,"href":"https:\/\/www.clubsurco.es\/index.php?rest_route=\/wp\/v2\/pages\/1959\/revisions\/9562"}],"wp:attachment":[{"href":"https:\/\/www.clubsurco.es\/index.php?rest_route=%2Fwp%2Fv2%2Fmedia&parent=1959"}],"curies":[{"name":"wp","href":"https:\/\/api.w.org\/{rel}","templated":true}]}}