{"id":1967,"date":"2018-04-03T18:07:48","date_gmt":"2018-04-03T16:07:48","guid":{"rendered":"http:\/\/www.clubsurco.es\/?page_id=1967"},"modified":"2026-01-14T23:15:08","modified_gmt":"2026-01-14T22:15:08","slug":"liga-espanola","status":"publish","type":"page","link":"https:\/\/www.clubsurco.es\/?page_id=1967","title":{"rendered":"Liga Espa\u00f1ola"},"content":{"rendered":"<h2><span style=\"color: #ff0000;\"><strong>Categor\u00edas Oficiales 2026<\/strong><\/span><\/h2>\n<p><img loading=\"lazy\" decoding=\"async\" class=\"aligncenter  wp-image-9421\" src=\"https:\/\/www.clubsurco.es\/wp-content\/uploads\/Categoria-SUB-20-FEDO-2026-300x113.jpg\" alt=\"\" width=\"610\" height=\"230\" srcset=\"https:\/\/www.clubsurco.es\/wp-content\/uploads\/Categoria-SUB-20-FEDO-2026-300x113.jpg 300w, https:\/\/www.clubsurco.es\/wp-content\/uploads\/Categoria-SUB-20-FEDO-2026-768x289.jpg 768w, https:\/\/www.clubsurco.es\/wp-content\/uploads\/Categoria-SUB-20-FEDO-2026-619x233.jpg 619w, https:\/\/www.clubsurco.es\/wp-content\/uploads\/Categoria-SUB-20-FEDO-2026.jpg 953w\" sizes=\"auto, (max-width: 610px) 100vw, 610px\" \/><\/p>\n<p><img loading=\"lazy\" decoding=\"async\" class=\"aligncenter  wp-image-9420\" src=\"https:\/\/www.clubsurco.es\/wp-content\/uploads\/Categoria-Senior-FEDO-2026-300x69.jpg\" alt=\"\" width=\"521\" height=\"120\" srcset=\"https:\/\/www.clubsurco.es\/wp-content\/uploads\/Categoria-Senior-FEDO-2026-300x69.jpg 300w, https:\/\/www.clubsurco.es\/wp-content\/uploads\/Categoria-Senior-FEDO-2026-619x143.jpg 619w, https:\/\/www.clubsurco.es\/wp-content\/uploads\/Categoria-Senior-FEDO-2026.jpg 711w\" sizes=\"auto, (max-width: 521px) 100vw, 521px\" \/><\/p>\n<p><img loading=\"lazy\" decoding=\"async\" class=\"aligncenter  wp-image-9419\" src=\"https:\/\/www.clubsurco.es\/wp-content\/uploads\/Categoria-Veteranos-FEDO-2026-300x170.jpg\" alt=\"\" width=\"625\" height=\"354\" srcset=\"https:\/\/www.clubsurco.es\/wp-content\/uploads\/Categoria-Veteranos-FEDO-2026-300x170.jpg 300w, https:\/\/www.clubsurco.es\/wp-content\/uploads\/Categoria-Veteranos-FEDO-2026-768x434.jpg 768w, https:\/\/www.clubsurco.es\/wp-content\/uploads\/Categoria-Veteranos-FEDO-2026-619x350.jpg 619w, https:\/\/www.clubsurco.es\/wp-content\/uploads\/Categoria-Veteranos-FEDO-2026.jpg 803w\" sizes=\"auto, (max-width: 625px) 100vw, 625px\" \/><\/p>\n<h2><span style=\"color: #ff0000;\"><strong>Categor\u00edas de Promoci\u00f3n 2026<\/strong><\/span><\/h2>\n<p><img loading=\"lazy\" decoding=\"async\" class=\"aligncenter  wp-image-9418\" src=\"https:\/\/www.clubsurco.es\/wp-content\/uploads\/Categorias-Promocion-FEDO-2026--300x119.jpg\" alt=\"\" width=\"633\" height=\"251\" srcset=\"https:\/\/www.clubsurco.es\/wp-content\/uploads\/Categorias-Promocion-FEDO-2026--300x119.jpg 300w, https:\/\/www.clubsurco.es\/wp-content\/uploads\/Categorias-Promocion-FEDO-2026--768x305.jpg 768w, https:\/\/www.clubsurco.es\/wp-content\/uploads\/Categorias-Promocion-FEDO-2026--619x246.jpg 619w, https:\/\/www.clubsurco.es\/wp-content\/uploads\/Categorias-Promocion-FEDO-2026-.jpg 974w\" sizes=\"auto, (max-width: 633px) 100vw, 633px\" \/><\/p>\n","protected":false},"excerpt":{"rendered":"<p>Categor\u00edas Oficiales 2026 Categor\u00edas de Promoci\u00f3n 2026<\/p>\n","protected":false},"author":1,"featured_media":0,"parent":1951,"menu_order":2,"comment_status":"closed","ping_status":"closed","template":"","meta":{"footnotes":""},"class_list":["post-1967","page","type-page","status-publish","hentry"],"_links":{"self":[{"href":"https:\/\/www.clubsurco.es\/index.php?rest_route=\/wp\/v2\/pages\/1967","targetHints":{"allow":["GET"]}}],"collection":[{"href":"https:\/\/www.clubsurco.es\/index.php?rest_route=\/wp\/v2\/pages"}],"about":[{"href":"https:\/\/www.clubsurco.es\/index.php?rest_route=\/wp\/v2\/types\/page"}],"author":[{"embeddable":true,"href":"https:\/\/www.clubsurco.es\/index.php?rest_route=\/wp\/v2\/users\/1"}],"replies":[{"embeddable":true,"href":"https:\/\/www.clubsurco.es\/index.php?rest_route=%2Fwp%2Fv2%2Fcomments&post=1967"}],"version-history":[{"count":7,"href":"https:\/\/www.clubsurco.es\/index.php?rest_route=\/wp\/v2\/pages\/1967\/revisions"}],"predecessor-version":[{"id":9428,"href":"https:\/\/www.clubsurco.es\/index.php?rest_route=\/wp\/v2\/pages\/1967\/revisions\/9428"}],"up":[{"embeddable":true,"href":"https:\/\/www.clubsurco.es\/index.php?rest_route=\/wp\/v2\/pages\/1951"}],"wp:attachment":[{"href":"https:\/\/www.clubsurco.es\/index.php?rest_route=%2Fwp%2Fv2%2Fmedia&parent=1967"}],"curies":[{"name":"wp","href":"https:\/\/api.w.org\/{rel}","templated":true}]}}