{"id":1999,"date":"2018-04-09T09:10:50","date_gmt":"2018-04-09T07:10:50","guid":{"rendered":"http:\/\/www.clubsurco.es\/?page_id=1999"},"modified":"2026-04-15T07:56:23","modified_gmt":"2026-04-15T05:56:23","slug":"9a-la-13-14-octubre-2018","status":"publish","type":"page","link":"https:\/\/www.clubsurco.es\/?page_id=1999","title":{"rendered":"III LA \u2013 25 y 26 Abril 2026"},"content":{"rendered":"<h2><span style=\"color: #ff0000;\"><strong>III LA &#8211; Ja\u00e9n \u2013 25 y 26 Abril 2026<\/strong><\/span><\/h2>\n<p>El Club de Orientaci\u00f3n VILLACARRILLO organiza la III prueba de Liga Andaluza.<\/p>\n<p>Es adem\u00e1s el <strong>Campeonato Andaluz de Selecciones Provinciales de Base 2026 (CADEBA)<\/strong><strong>.<\/strong><\/p>\n<p>La informaci\u00f3n actual est\u00e1 en el Bolet\u00edn 1 de la prueba:<\/p>\n<p><a href=\"https:\/\/sico.fedo.org\/docs\/20162254.pdf\"><img loading=\"lazy\" decoding=\"async\" class=\"aligncenter wp-image-9628\" src=\"https:\/\/www.clubsurco.es\/wp-content\/uploads\/Boletin-Jaen-213x300.jpg\" alt=\"\" width=\"121\" height=\"170\" srcset=\"https:\/\/www.clubsurco.es\/wp-content\/uploads\/Boletin-Jaen-213x300.jpg 213w, https:\/\/www.clubsurco.es\/wp-content\/uploads\/Boletin-Jaen.jpg 316w\" sizes=\"auto, (max-width: 121px) 100vw, 121px\" \/><\/a><\/p>\n<p>La informaci\u00f3n actualizada de la prueba estar\u00e1 en su web<\/p>\n<p><a href=\"https:\/\/www.cluborientacionvillacarrillo.es\/trofeo-santa-elena-y-cadeba-2026\"><img loading=\"lazy\" decoding=\"async\" class=\"aligncenter size-medium wp-image-9627\" src=\"https:\/\/www.clubsurco.es\/wp-content\/uploads\/Web-Jaen-1-300x53.jpg\" alt=\"\" width=\"300\" height=\"53\" srcset=\"https:\/\/www.clubsurco.es\/wp-content\/uploads\/Web-Jaen-1-300x53.jpg 300w, https:\/\/www.clubsurco.es\/wp-content\/uploads\/Web-Jaen-1.jpg 502w\" sizes=\"auto, (max-width: 300px) 100vw, 300px\" \/><\/a><\/p>\n<p><span style=\"color: #ff0000;\"><strong><u>INSCRIPCI\u00d3N DIRECTA &#8211;\u00a0 SOCIOS FEDERADOS<\/u><\/strong><\/span><\/p>\n<p>En la inscripci\u00f3n directa ( 1\u00aa opci\u00f3n ), el plazo de inscripci\u00f3n es el marcado por la Organizaci\u00f3n del Evento.<\/p>\n<p><strong>FEDERADOS<\/strong> &#8211; Una vez hecha la inscripci\u00f3n, marcar <strong>\u201cpago por transferencia\u201d, pero<\/strong> <span style=\"color: #ff0000;\"><strong>NO hacer la transferencia<\/strong><\/span>. La har\u00e1 el Club.<\/p>\n<p><strong>NO FEDERADOS<\/strong> \u2013 Deber\u00e1n <strong>pagar su inscripci\u00f3n directamente<\/strong>.<\/p>\n<p><a href=\"https:\/\/sico.fedo.org\/login.php?\"><img loading=\"lazy\" decoding=\"async\" class=\"aligncenter wp-image-5623\" src=\"https:\/\/www.clubsurco.es\/wp-content\/uploads\/Me-inscribo-directamente-Naranja-x2-300x53.jpg\" alt=\"\" width=\"402\" height=\"71\" srcset=\"https:\/\/www.clubsurco.es\/wp-content\/uploads\/Me-inscribo-directamente-Naranja-x2-300x53.jpg 300w, https:\/\/www.clubsurco.es\/wp-content\/uploads\/Me-inscribo-directamente-Naranja-x2-768x137.jpg 768w, https:\/\/www.clubsurco.es\/wp-content\/uploads\/Me-inscribo-directamente-Naranja-x2-1024x182.jpg 1024w, https:\/\/www.clubsurco.es\/wp-content\/uploads\/Me-inscribo-directamente-Naranja-x2-619x110.jpg 619w, https:\/\/www.clubsurco.es\/wp-content\/uploads\/Me-inscribo-directamente-Naranja-x2.jpg 1196w\" sizes=\"auto, (max-width: 402px) 100vw, 402px\" \/><\/a><\/p>\n<p><span style=\"color: #ff0000;\"><strong><u>INSCRIPCI\u00d3N a trav\u00e9s del CLUB &#8211; SOCIOS NO FEDERADOS\u00a0\u00a0 Y\u00a0\u00a0 FEDERADOS<\/u><\/strong><\/span><\/p>\n<p>En la 2\u00aa opci\u00f3n, el plazo de inscripci\u00f3n es algo m\u00e1s corto, marcado por Club SURCO.<\/p>\n<p>Las inscripciones se har\u00e1n con los que cumplimenten el formulario antes del 17 de Abril a las 22:00, ya que a esa hora se cerrar\u00e1 el formulario y se har\u00e1n las \u00faltimas inscripciones.<\/p>\n<p><a href=\"https:\/\/forms.gle\/769Le7eCiJgBGhmZ6\"><img loading=\"lazy\" decoding=\"async\" class=\"aligncenter wp-image-5622\" src=\"https:\/\/www.clubsurco.es\/wp-content\/uploads\/Me-inscribe-el-Club-Naranja-x2-300x53.jpg\" alt=\"\" width=\"402\" height=\"71\" srcset=\"https:\/\/www.clubsurco.es\/wp-content\/uploads\/Me-inscribe-el-Club-Naranja-x2-300x53.jpg 300w, https:\/\/www.clubsurco.es\/wp-content\/uploads\/Me-inscribe-el-Club-Naranja-x2-768x137.jpg 768w, https:\/\/www.clubsurco.es\/wp-content\/uploads\/Me-inscribe-el-Club-Naranja-x2-1024x182.jpg 1024w, https:\/\/www.clubsurco.es\/wp-content\/uploads\/Me-inscribe-el-Club-Naranja-x2-619x110.jpg 619w, https:\/\/www.clubsurco.es\/wp-content\/uploads\/Me-inscribe-el-Club-Naranja-x2.jpg 1196w\" sizes=\"auto, (max-width: 402px) 100vw, 402px\" \/><\/a><a href=\"https:\/\/sico.fedo.org\/carrera.php?id=20162254\"><img loading=\"lazy\" decoding=\"async\" class=\"aligncenter wp-image-5621\" src=\"https:\/\/www.clubsurco.es\/wp-content\/uploads\/Inscritos-verde-300x109.jpg\" alt=\"\" width=\"223\" height=\"81\" srcset=\"https:\/\/www.clubsurco.es\/wp-content\/uploads\/Inscritos-verde-300x109.jpg 300w, https:\/\/www.clubsurco.es\/wp-content\/uploads\/Inscritos-verde.jpg 603w\" sizes=\"auto, (max-width: 223px) 100vw, 223px\" \/><\/a><\/p>\n","protected":false},"excerpt":{"rendered":"<p>III LA &#8211; Ja\u00e9n \u2013 25 y 26 Abril 2026 El Club de Orientaci\u00f3n VILLACARRILLO organiza la III prueba de Liga Andaluza. Es adem\u00e1s el Campeonato Andaluz de Selecciones Provinciales de Base 2026 (CADEBA). La informaci\u00f3n actual est\u00e1 en el Bolet\u00edn 1 de la prueba: La informaci\u00f3n actualizada de la prueba estar\u00e1 en su web [&hellip;]<\/p>\n","protected":false},"author":1,"featured_media":0,"parent":1965,"menu_order":4,"comment_status":"closed","ping_status":"closed","template":"","meta":{"footnotes":""},"class_list":["post-1999","page","type-page","status-publish","hentry"],"_links":{"self":[{"href":"https:\/\/www.clubsurco.es\/index.php?rest_route=\/wp\/v2\/pages\/1999","targetHints":{"allow":["GET"]}}],"collection":[{"href":"https:\/\/www.clubsurco.es\/index.php?rest_route=\/wp\/v2\/pages"}],"about":[{"href":"https:\/\/www.clubsurco.es\/index.php?rest_route=\/wp\/v2\/types\/page"}],"author":[{"embeddable":true,"href":"https:\/\/www.clubsurco.es\/index.php?rest_route=\/wp\/v2\/users\/1"}],"replies":[{"embeddable":true,"href":"https:\/\/www.clubsurco.es\/index.php?rest_route=%2Fwp%2Fv2%2Fcomments&post=1999"}],"version-history":[{"count":21,"href":"https:\/\/www.clubsurco.es\/index.php?rest_route=\/wp\/v2\/pages\/1999\/revisions"}],"predecessor-version":[{"id":9690,"href":"https:\/\/www.clubsurco.es\/index.php?rest_route=\/wp\/v2\/pages\/1999\/revisions\/9690"}],"up":[{"embeddable":true,"href":"https:\/\/www.clubsurco.es\/index.php?rest_route=\/wp\/v2\/pages\/1965"}],"wp:attachment":[{"href":"https:\/\/www.clubsurco.es\/index.php?rest_route=%2Fwp%2Fv2%2Fmedia&parent=1999"}],"curies":[{"name":"wp","href":"https:\/\/api.w.org\/{rel}","templated":true}]}}