{"id":2001,"date":"2018-04-09T09:11:48","date_gmt":"2018-04-09T07:11:48","guid":{"rendered":"http:\/\/www.clubsurco.es\/?page_id=2001"},"modified":"2026-03-16T18:02:28","modified_gmt":"2026-03-16T17:02:28","slug":"10a-la-10-11-noviembre-2018","status":"publish","type":"page","link":"https:\/\/www.clubsurco.es\/?page_id=2001","title":{"rendered":"II LA \u2013 28 y 29 Marzo 2026"},"content":{"rendered":"<h2><strong><span style=\"color: #ff0000;\">II LA &#8211; Granada \u2013 28 y 29 Marzo 2026<\/span><\/strong><\/h2>\n<p>El Club VELETA organiza la II prueba de Liga Andaluza.<\/p>\n<p>La informaci\u00f3n actual est\u00e1 en el Bolet\u00edn 0 de la prueba:<\/p>\n<p><a href=\"https:\/\/sico.fedo.org\/docs\/20162253.pdf\"><img loading=\"lazy\" decoding=\"async\" class=\"aligncenter wp-image-9516\" src=\"https:\/\/www.clubsurco.es\/wp-content\/uploads\/Boletin-0-Granada-259x300.jpg\" alt=\"\" width=\"116\" height=\"134\" srcset=\"https:\/\/www.clubsurco.es\/wp-content\/uploads\/Boletin-0-Granada-259x300.jpg 259w, https:\/\/www.clubsurco.es\/wp-content\/uploads\/Boletin-0-Granada.jpg 427w\" sizes=\"auto, (max-width: 116px) 100vw, 116px\" \/><\/a><\/p>\n<p>La informaci\u00f3n actualizada de la prueba estar\u00e1 en su web<\/p>\n<p><a href=\"https:\/\/www.oveleta.com\/\"><img loading=\"lazy\" decoding=\"async\" class=\"aligncenter wp-image-9514\" src=\"https:\/\/www.clubsurco.es\/wp-content\/uploads\/Web-Granada-300x119.jpg\" alt=\"\" width=\"189\" height=\"75\" srcset=\"https:\/\/www.clubsurco.es\/wp-content\/uploads\/Web-Granada-300x119.jpg 300w, https:\/\/www.clubsurco.es\/wp-content\/uploads\/Web-Granada.jpg 568w\" sizes=\"auto, (max-width: 189px) 100vw, 189px\" \/><\/a><\/p>\n<p><span style=\"color: #ff0000;\"><strong><u>INSCRIBIRSE SOCIOS FEDERADOS<\/u><\/strong><\/span><\/p>\n<p>En la inscripci\u00f3n directa ( 1\u00aa opci\u00f3n ), el plazo de inscripci\u00f3n es el marcado por la Organizaci\u00f3n del Evento, y una vez hecha la inscripci\u00f3n, marcar <strong>\u201cpago por transferencia\u201d, pero<\/strong> <span style=\"color: #ff0000;\"><strong>NO hacer la transferencia<\/strong><\/span>. La har\u00e1 el Club.<\/p>\n<p><a href=\"https:\/\/sico.fedo.org\/login.php?\"><img loading=\"lazy\" decoding=\"async\" class=\"aligncenter wp-image-5623\" src=\"https:\/\/www.clubsurco.es\/wp-content\/uploads\/Me-inscribo-directamente-Naranja-x2-300x53.jpg\" alt=\"\" width=\"487\" height=\"86\" srcset=\"https:\/\/www.clubsurco.es\/wp-content\/uploads\/Me-inscribo-directamente-Naranja-x2-300x53.jpg 300w, https:\/\/www.clubsurco.es\/wp-content\/uploads\/Me-inscribo-directamente-Naranja-x2-768x137.jpg 768w, https:\/\/www.clubsurco.es\/wp-content\/uploads\/Me-inscribo-directamente-Naranja-x2-1024x182.jpg 1024w, https:\/\/www.clubsurco.es\/wp-content\/uploads\/Me-inscribo-directamente-Naranja-x2-619x110.jpg 619w, https:\/\/www.clubsurco.es\/wp-content\/uploads\/Me-inscribo-directamente-Naranja-x2.jpg 1196w\" sizes=\"auto, (max-width: 487px) 100vw, 487px\" \/><\/a><span style=\"color: #ff0000;\"><strong><u>INSCRIBIRSE SOCIOS NO FEDERADOS\u00a0\u00a0 Y\u00a0\u00a0 FEDERADOS<\/u><\/strong><\/span><\/p>\n<p>En la 2\u00aa opci\u00f3n, el plazo de inscripci\u00f3n es algo m\u00e1s corto, marcado por Club SURCO.<\/p>\n<p>Las inscripciones se har\u00e1n con los que cumplimenten el formulario antes del\u00a0<strong>20 de Marzo a las 12:00 (MEDIOD\u00cdA), <\/strong>ya que a esa hora se cerrar\u00e1 el formulario y se har\u00e1n las \u00faltimas inscripciones.<\/p>\n<p><a href=\"https:\/\/forms.gle\/9DgLYfvZinva16mR9\"><img loading=\"lazy\" decoding=\"async\" class=\"aligncenter wp-image-5622\" src=\"https:\/\/www.clubsurco.es\/wp-content\/uploads\/Me-inscribe-el-Club-Naranja-x2-300x53.jpg\" alt=\"\" width=\"475\" height=\"84\" srcset=\"https:\/\/www.clubsurco.es\/wp-content\/uploads\/Me-inscribe-el-Club-Naranja-x2-300x53.jpg 300w, https:\/\/www.clubsurco.es\/wp-content\/uploads\/Me-inscribe-el-Club-Naranja-x2-768x137.jpg 768w, https:\/\/www.clubsurco.es\/wp-content\/uploads\/Me-inscribe-el-Club-Naranja-x2-1024x182.jpg 1024w, https:\/\/www.clubsurco.es\/wp-content\/uploads\/Me-inscribe-el-Club-Naranja-x2-619x110.jpg 619w, https:\/\/www.clubsurco.es\/wp-content\/uploads\/Me-inscribe-el-Club-Naranja-x2.jpg 1196w\" sizes=\"auto, (max-width: 475px) 100vw, 475px\" \/><\/a><\/p>\n<p><a href=\"https:\/\/sico.fedo.org\/carrera.php?id=20162253\"><img loading=\"lazy\" decoding=\"async\" class=\"aligncenter size-medium wp-image-5621\" src=\"https:\/\/www.clubsurco.es\/wp-content\/uploads\/Inscritos-verde-300x109.jpg\" alt=\"\" width=\"300\" height=\"109\" srcset=\"https:\/\/www.clubsurco.es\/wp-content\/uploads\/Inscritos-verde-300x109.jpg 300w, https:\/\/www.clubsurco.es\/wp-content\/uploads\/Inscritos-verde.jpg 603w\" sizes=\"auto, (max-width: 300px) 100vw, 300px\" \/><\/a><\/p>\n","protected":false},"excerpt":{"rendered":"<p>II LA &#8211; Granada \u2013 28 y 29 Marzo 2026 El Club VELETA organiza la II prueba de Liga Andaluza. La informaci\u00f3n actual est\u00e1 en el Bolet\u00edn 0 de la prueba: La informaci\u00f3n actualizada de la prueba estar\u00e1 en su web INSCRIBIRSE SOCIOS FEDERADOS En la inscripci\u00f3n directa ( 1\u00aa opci\u00f3n ), el plazo de [&hellip;]<\/p>\n","protected":false},"author":1,"featured_media":0,"parent":1965,"menu_order":3,"comment_status":"closed","ping_status":"closed","template":"","meta":{"footnotes":""},"class_list":["post-2001","page","type-page","status-publish","hentry"],"_links":{"self":[{"href":"https:\/\/www.clubsurco.es\/index.php?rest_route=\/wp\/v2\/pages\/2001","targetHints":{"allow":["GET"]}}],"collection":[{"href":"https:\/\/www.clubsurco.es\/index.php?rest_route=\/wp\/v2\/pages"}],"about":[{"href":"https:\/\/www.clubsurco.es\/index.php?rest_route=\/wp\/v2\/types\/page"}],"author":[{"embeddable":true,"href":"https:\/\/www.clubsurco.es\/index.php?rest_route=\/wp\/v2\/users\/1"}],"replies":[{"embeddable":true,"href":"https:\/\/www.clubsurco.es\/index.php?rest_route=%2Fwp%2Fv2%2Fcomments&post=2001"}],"version-history":[{"count":20,"href":"https:\/\/www.clubsurco.es\/index.php?rest_route=\/wp\/v2\/pages\/2001\/revisions"}],"predecessor-version":[{"id":9634,"href":"https:\/\/www.clubsurco.es\/index.php?rest_route=\/wp\/v2\/pages\/2001\/revisions\/9634"}],"up":[{"embeddable":true,"href":"https:\/\/www.clubsurco.es\/index.php?rest_route=\/wp\/v2\/pages\/1965"}],"wp:attachment":[{"href":"https:\/\/www.clubsurco.es\/index.php?rest_route=%2Fwp%2Fv2%2Fmedia&parent=2001"}],"curies":[{"name":"wp","href":"https:\/\/api.w.org\/{rel}","templated":true}]}}