{"id":2385,"date":"2018-11-06T08:00:13","date_gmt":"2018-11-06T07:00:13","guid":{"rendered":"http:\/\/www.clubsurco.es\/?page_id=2385"},"modified":"2026-01-25T14:24:05","modified_gmt":"2026-01-25T13:24:05","slug":"curso","status":"publish","type":"page","link":"https:\/\/www.clubsurco.es\/?page_id=2385","title":{"rendered":"1 JDM 2026 &#8211; 24-01-2026"},"content":{"rendered":"<h2><span style=\"color: #ff0000;\"><strong>1\u00aa &#8211; 24 Enero \u2013 Parque\u00a0 de las Familias<\/strong><\/span><\/h2>\n<p>Esta ma\u00f1ana se ha celebrado la 1\u00aa prueba de los JDM 2026 en el Parque de las Familias.<\/p>\n<p>Aqu\u00ed est\u00e1n los resultados. Se abre un plazo de 3 d\u00edas para formular reclamaciones.<\/p>\n<p>Si las hubiese, un comit\u00e9 t\u00e9cnico las estudiar\u00e1 y si fuesen procedentes ser\u00e1n aplicadas.<\/p>\n<p>Si no las hubiese, el mi\u00e9rcoles d\u00eda 28 de Enero estos resultados ser\u00e1n dados como definitivos.<\/p>\n<p style=\"text-align: center;\"><a href=\"https:\/\/www.clubsurco.es\/wp-content\/uploads\/Resultados-2026-01-24-1-JDM-Pq-Familias.html\"><span style=\"color: #ff0000;\"><strong><u>RESULTADOS<\/u><\/strong><\/span><\/a><\/p>\n<p style=\"text-align: center;\"><a href=\"https:\/\/www.clubsurco.es\/wp-content\/uploads\/Resultados-2026-01-24-1-JDM-Pq-Familias.pdf\"><span style=\"color: #ff0000;\"><strong><u>RESULTADOS &#8211; PdF<\/u><\/strong><\/span><\/a><\/p>\n<p style=\"text-align: center;\"><a href=\"https:\/\/www.clubsurco.es\/wp-content\/uploads\/Parciales-2026-01-24-1-JDM-Pq-Familias.html\"><span style=\"color: #ff0000;\"><strong><u>PARCIALES<\/u><\/strong><\/span><\/a><\/p>\n<p style=\"text-align: center;\"><a href=\"https:\/\/www.clubsurco.es\/wp-content\/uploads\/Parciales-2026-01-24-1-JDM-Pq-Familias.pdf\"><span style=\"color: #ff0000;\"><strong><u>PARCIALES &#8211; PdF<\/u><\/strong><\/span><\/a><\/p>\n<p style=\"text-align: center;\"><a href=\"https:\/\/obasen.orientering.se\/winsplits\/online\/es\/show_event.asp?id=110147\"><span style=\"color: #ff0000;\"><strong><u>WINSPLITS<\/u><\/strong><\/span><\/a><\/p>\n<p style=\"text-align: center;\"><a href=\"https:\/\/www.clubsurco.es\/wp-content\/uploads\/JDM-2026-clasificacion-1-JDM.pdf\"><span style=\"color: #ff0000;\"><strong><u>CLASIFICACI\u00d3N GENERAL JDM 2026<\/u><\/strong><\/span><\/a><\/p>\n<p style=\"text-align: center;\"><a href=\"https:\/\/photos.app.goo.gl\/3H3cJwG1P7Gos2wJA\"><span style=\"color: #ff0000;\"><strong><u>FOTOS<\/u><\/strong><\/span><\/a><\/p>\n<p>Si necesitas m\u00e1s informaci\u00f3n:\u00a0<\/p>\n<p>\u00a0\u00a0 <span style=\"color: #0000ff;\"><em>inscripciones.surco@gmail.com<\/em><\/span><\/p>\n<p style=\"text-align: center;\"><strong>=============================================<\/strong><\/p>\n<p><span style=\"color: #ff0000;\"><strong><u>PROGRAMA <\/u><\/strong><\/span><\/p>\n<p>&#8212;&#8211;Mi\u00e9rcoles 8 de Enero 2026 &#8211; <strong>Apertura de inscripciones.<\/strong><\/p>\n<p>&#8212;&#8211;Lunes 19 de Enero 2026 &#8211; <strong>Final y cierre de Inscripciones<\/strong>.\u00a0\u00a0\u00a0\u00a0\u00a0\u00a0\u00a0<\/p>\n<p>&#8212;&#8211;<u>S\u00e1bado 24 de Enero &#8211; 1\u00aa prueba JDM\u00a0 Orientaci\u00f3n 2026<\/u><\/p>\n<p>09:30 &#8211; Apertura del centro de competici\u00f3n y entrega de pinzas a los corredores.<\/p>\n<p><strong>09:30 \u2013 Peque\u00f1a charla de iniciaci\u00f3n al Deporte de Orientaci\u00f3n<\/strong><\/p>\n<p>10:00 &#8211; Comienzo SALIDAS Carrera en L\u00cdNEA.<\/p>\n<p>10:30 &#8211; Fin SALIDAS.<\/p>\n<p>11:00 \u2013 Salidas PREBENJAM\u00cdN en zona de META.<\/p>\n<p>12:30 &#8211; Cierre de META. Todos los corredores deber\u00e1n regresar aunque no hayan terminado su recorrido ya que se comenzar\u00e1 la retirada de balizas.<\/p>\n<p>21:30 &#8211; Publicaci\u00f3n de resultados provisionales.<\/p>\n<p>\u00a0\u00a0\u00a0\u00a0\u00a0\u00a0\u00a0\u00a0\u00a0\u00a0 &#8211; Apertura del plazo de 3 d\u00edas de reclamaciones. De no presentarse ninguna, ser\u00e1n considerados como definitivos.<\/p>\n<p><u>A tener en cuenta:<\/u><\/p>\n<p>&#8212; Los corredores deber\u00e1n estar con la suficiente antelaci\u00f3n en la zona de carrera para tener tiempo de recoger su pinza electr\u00f3nica o su tarjeta antes de su hora de salida.<\/p>\n<p>&#8212; Los corredores que se retiren, sea cual sea la causa, est\u00e1n obligados a pasar por META y comunicarlo para evitar preocupaciones y b\u00fasquedas innecesarias.<\/p>\n<p>&#8212; Pasada la hora de cierre de META, los corredores que no hayan terminado su recorrido deber\u00e1n dejar la competici\u00f3n y volver a META, ya que a esa hora comenzar\u00e1 la recogida de balizas, no estando por tanto garantizado que puedan encontrar las que est\u00e9n buscando.<\/p>\n<p><span style=\"color: #ff0000;\"><strong>INSCRIPCIONES (con o sin JDM)<\/strong><\/span><\/p>\n<p>Con el fin de facilitar la participaci\u00f3n en las carreras a corredores que s\u00f3lo lo har\u00e1n aleatoriamente sin participar en los JDM, se habilita una inscripci\u00f3n sin los requerimientos del PMD. Estos corredores no entrar\u00e1n en la clasificaci\u00f3n de los JDM y <strong>su inscripci\u00f3n s\u00f3lo es v\u00e1lida para esta carrera<\/strong>.<\/p>\n<p>Su precio es de: <strong>5 \u20ac<\/strong><\/p>\n<p><span style=\"color: #ff0000;\"><strong>COMPETIR y PARTICIPAR en los JDM<\/strong><\/span><\/p>\n<p>El precio para competir y participar en los JDM es de <span style=\"color: #ff0000;\"><strong>15 \u20ac<\/strong><\/span>. Con este <span style=\"color: #ff0000;\"><strong>\u00fanico pago de 15 \u20ac se puede participar en las 5 carreras. <\/strong><\/span><\/p>\n<p>El Patronato Municipal de Deportes exige que para participar en los Juegos Deportivos Municipales se debe estar inscrito en el Patronato.<\/p>\n<p>Para ello, antes de inscribirse en las carreras se debe pertenecer al Patronato Municipal de Deportes (PMD).<\/p>\n<p>Si ya est\u00e1s afiliado al PMD, necesitar\u00e1s saber tu n\u00famero de afiliado. Ser\u00e1 imprescindible para inscribirte en las carreras.<\/p>\n<p><strong>Si no est\u00e1s afiliado al PMD, deber\u00e1s afiliarte<\/strong>. Es muy sencillo, s\u00f3lo lleva unos minutos, y s\u00f3lo cuesta 3 \u20ac.<\/p>\n<p>La validez de la afiliaci\u00f3n es indefinida.<\/p>\n<p>En este PdF se explica <strong>c\u00f3mo saber si ya est\u00e1s afiliado<\/strong>, y en caso de que no lo est\u00e9s, c\u00f3mo afiliarte.<\/p>\n<p>\u00a0\u00a0\u00a0\u00a0\u00a0\u00a0\u00a0\u00a0\u00a0\u00a0\u00a0 <a href=\"https:\/\/www.clubsurco.es\/wp-content\/uploads\/Inscripci\u00f3n-en-Patronato-2025.pdf\"><strong><span style=\"color: #000080;\"><em>Inscripci\u00f3n en Patronato.PdF<\/em><\/span><\/strong><\/a><\/p>\n<p><strong>Web del Patronato<\/strong><\/p>\n<p><a href=\"https:\/\/ovpmd.aytoalmeria.es\/\"><img loading=\"lazy\" decoding=\"async\" class=\"aligncenter size-medium wp-image-6556\" src=\"https:\/\/www.clubsurco.es\/wp-content\/uploads\/Inscripci\u00f3n-PMD-1-300x127.jpg\" alt=\"\" width=\"300\" height=\"127\" srcset=\"https:\/\/www.clubsurco.es\/wp-content\/uploads\/Inscripci\u00f3n-PMD-1-300x127.jpg 300w, https:\/\/www.clubsurco.es\/wp-content\/uploads\/Inscripci\u00f3n-PMD-1-768x324.jpg 768w, https:\/\/www.clubsurco.es\/wp-content\/uploads\/Inscripci\u00f3n-PMD-1-1024x432.jpg 1024w, https:\/\/www.clubsurco.es\/wp-content\/uploads\/Inscripci\u00f3n-PMD-1-619x261.jpg 619w, https:\/\/www.clubsurco.es\/wp-content\/uploads\/Inscripci\u00f3n-PMD-1.jpg 1346w\" sizes=\"auto, (max-width: 300px) 100vw, 300px\" \/><\/a><\/p>\n<p>El sistema te habr\u00e1 asignado un n\u00famero de abonado que ser\u00e1 imprescindible para inscribirte en las carreras.<\/p>\n<p>Recuerda este n\u00famero, ya que se te pedir\u00e1 para inscribirte en todas las carreras de los Juegos Deportivos.<\/p>\n<p><span style=\"color: #ff0000;\"><strong>INSCRIPCIONES para la carrera<\/strong><\/span><\/p>\n<p>Los corredores que quieran participar en esta carrera deber\u00e1n inscribirse dentro del plazo previsto que finaliza el <span style=\"color: #ff0000;\"><strong>19 de Enero a las 22:00.<\/strong><\/span><\/p>\n<p>Una vez terminado el plazo, el formulario ser\u00e1 cerrado y s\u00f3lo los inscritos hasta esa fecha, que adem\u00e1s hayan pagado su inscripci\u00f3n, participar\u00e1n en la competici\u00f3n.<\/p>\n<p><span style=\"color: #ff0000;\"><strong>NO SE HAR\u00c1N INSCRIPCIONES EL D\u00cdA DE LA CARRERA<\/strong><\/span><\/p>\n<p>Para inscribirse, rellenar el formulario correspondiente e ingresar el coste de tu inscripci\u00f3n.<\/p>\n<p>Cuenta del Club:<\/p>\n<p><strong>OPEN BANK\u00a0 <\/strong>\u00a0\u00a0\u00a0IBAN n\u00ba\u00a0\u00a0\u00a0 ES84 0073 0100 5604 8779 9336<\/p>\n<p>Titular: Club de Orientaci\u00f3n SURCO<\/p>\n<p>No olvidar indicar el <span style=\"color: #ff0000;\"><strong>nombre del corredor<\/strong> <strong>en el ingreso<\/strong><\/span>.\u00a0\u00a0\u00a0\u00a0<\/p>\n<p>No ser\u00e1n tenidos en cuenta para la competici\u00f3n los inscritos que no hayan pagado su cuota.<\/p>\n<p>En esta p\u00e1gina figurar\u00e1 y se actualizar\u00e1 regularmente la lista de inscritos.<\/p>\n<p><span style=\"color: #ff0000;\"><strong><u>IMPORTANTE<\/u><\/strong><\/span><\/p>\n<p>Los que os inscribisteis a la aplazada prueba de Diciembre en el Andarax y pagasteis la inscripci\u00f3n de los JDM, ya ten\u00e9is pagados los JDM y <strong><span style=\"color: #ff0000;\">no ten\u00e9is que ingresar nada<\/span><\/strong>. Sin embargo, <span style=\"color: #ff0000;\"><strong>S\u00cd TEN\u00c9IS que INSCRIBIROS<\/strong><\/span> de nuevo para teneros en cuenta a la hora de imprimir los mapas.<\/p>\n<p><span style=\"color: #ff0000;\"><strong><u>CORRER sin estar INSCRITO<\/u><\/strong><\/span><\/p>\n<p>Los corredores no inscritos o que no hayan pagado su inscripci\u00f3n, que deseen hacer un recorrido, podr\u00e1n hacerlo a t\u00edtulo personal comprando un mapa <span style=\"color: #ff0000;\"><strong>( 1 \u20ac )<\/strong><\/span> en la zona de carrera <span style=\"color: #ff0000;\"><strong>(s\u00f3lo Open Amarillo o Prebenjam\u00edn) (hasta fin de existencias)<\/strong><\/span>, pero no se les controlar\u00e1 el tiempo, no entrar\u00e1n en la clasificaci\u00f3n y lo har\u00e1n bajo su responsabilidad ya que no estar\u00e1n protegidos por el seguro de la prueba. Estos corredores no podr\u00e1n empezar hasta pasados cinco minutos de la salida del \u00faltimo corredor de la competici\u00f3n oficial.<\/p>\n<p><span style=\"color: #ff0000;\"><strong><u>FORMATO de CARRERA<\/u><\/strong><\/span><\/p>\n<p>Carrera en <span style=\"color: #ff0000;\"><strong>L\u00cdNEA<\/strong><\/span> &#8211; <strong>Salida a intervalos<\/strong>.<\/p>\n<p>Los corredores salen a intervalos de 2 minutos. Una vez en carrera, deben pasar obligatoriamente por todos los puntos de control marcados en su mapa sin dejarse ninguno. Y muy importante, los controles deben ser visitados en el <span style=\"color: #ff0000;\"><strong>orden indicado<\/strong><\/span> en su mapa. La falta de controles, o su marcado en un orden diferente al indicado en el mapa, ser\u00e1 motivo de descalificaci\u00f3n. Una vez picada la META, el corredor habr\u00e1 terminado su carrera, no pudiendo volver a la competici\u00f3n en busca de los controles que no hubiese picado.<\/p>\n<p><span style=\"color: #ff0000;\"><strong><u>DISTANCIAS y DESNIVELES<\/u><\/strong><\/span><\/p>\n<p><img loading=\"lazy\" decoding=\"async\" class=\"aligncenter  wp-image-9452\" src=\"https:\/\/www.clubsurco.es\/wp-content\/uploads\/Distancias-y-desniveles-1-JDM-2026-300x159.jpg\" alt=\"\" width=\"509\" height=\"270\" srcset=\"https:\/\/www.clubsurco.es\/wp-content\/uploads\/Distancias-y-desniveles-1-JDM-2026-300x159.jpg 300w, https:\/\/www.clubsurco.es\/wp-content\/uploads\/Distancias-y-desniveles-1-JDM-2026-768x407.jpg 768w, https:\/\/www.clubsurco.es\/wp-content\/uploads\/Distancias-y-desniveles-1-JDM-2026-619x328.jpg 619w, https:\/\/www.clubsurco.es\/wp-content\/uploads\/Distancias-y-desniveles-1-JDM-2026.jpg 869w\" sizes=\"auto, (max-width: 509px) 100vw, 509px\" \/><\/p>\n<p><span style=\"color: #ff0000;\"><strong><u>EQUIPO de \u00a0ORGANIZACI\u00d3N (provisional)<\/u><\/strong><\/span><\/p>\n<p>-Director de carrera \u2013 <strong>Manuel Fernando Pach\u00f3n Tocado<\/strong><\/p>\n<p>-Cart\u00f3grafo (revisi\u00f3n) \u2013 <strong>Manuel Fernando Pach\u00f3n Tocado<\/strong><\/p>\n<p>-Trazador &#8211; <strong>Manuel Fernando Pach\u00f3n Tocado<\/strong><\/p>\n<p>-Cronometraje \u2013 <strong>Juan David P\u00e9rez-Caballero Fern\u00e1ndez<\/strong><\/p>\n<p>-Inscripciones &#8211; <strong>Juan David P\u00e9rez-Caballero Fern\u00e1ndez<\/strong><\/p>\n<p>-Secretar\u00eda, entrega dorsales y pinzas<\/p>\n<p><strong>\u00a0\u00a0\u00a0\u00a0\u00a0\u00a0\u00a0\u00a0\u00a0\u00a0\u00a0\u00a0\u00a0\u00a0\u00a0\u00a0\u00a0\u00a0\u00a0\u00a0 <\/strong>&#8211; <strong>Juan David P\u00e9rez-Caballero Fern\u00e1ndez<\/strong><\/p>\n<p><strong>\u00a0\u00a0\u00a0\u00a0\u00a0\u00a0\u00a0\u00a0\u00a0\u00a0\u00a0\u00a0\u00a0\u00a0\u00a0\u00a0\u00a0\u00a0\u00a0\u00a0 <\/strong>&#8211; <strong>Jos\u00e9 M\u00aa Moya Godino<\/strong><\/p>\n<p>-Charla de iniciaci\u00f3n al Deporte de Orientaci\u00f3n<\/p>\n<p><strong>\u00a0\u00a0\u00a0\u00a0\u00a0\u00a0\u00a0\u00a0\u00a0\u00a0\u00a0\u00a0\u00a0\u00a0\u00a0\u00a0\u00a0\u00a0\u00a0\u00a0 <\/strong>&#8211; <strong>M\u00aa del Mar Ferri Garc\u00eda<\/strong><\/p>\n<p>-Colocadores &#8211; <strong>Manuel Fernando Pach\u00f3n Tocado<\/strong><\/p>\n<p><strong>\u00a0\u00a0\u00a0\u00a0\u00a0\u00a0\u00a0\u00a0\u00a0\u00a0\u00a0\u00a0\u00a0\u00a0\u00a0\u00a0\u00a0\u00a0\u00a0\u00a0\u00a0\u00a0\u00a0\u00a0 &#8211; Inocencio Garc\u00eda Callej\u00f3n<\/strong><\/p>\n<p><strong>\u00a0\u00a0\u00a0\u00a0\u00a0\u00a0\u00a0\u00a0\u00a0\u00a0\u00a0\u00a0\u00a0\u00a0\u00a0\u00a0\u00a0\u00a0\u00a0\u00a0\u00a0\u00a0\u00a0\u00a0 &#8211; Jos\u00e9 Manuel Garc\u00eda Crespo<\/strong><\/p>\n<p>-Salida \u2013 <strong>David de Dios Vi\u00f1as y equipo<\/strong><\/p>\n<p><strong>\u00a0\u00a0\u00a0\u00a0\u00a0\u00a0\u00a0\u00a0\u00a0\u00a0\u00a0\u00a0\u00a0\u00a0\u00a0\u00a0\u00a0\u00a0\u00a0\u00a0\u00a0\u00a0 \u00a0\u00a0&#8211; Raquel Pach\u00f3n Mu\u00f1oz<\/strong><\/p>\n<p><strong>\u00a0\u00a0\u00a0\u00a0\u00a0\u00a0\u00a0\u00a0\u00a0\u00a0\u00a0\u00a0\u00a0\u00a0\u00a0\u00a0\u00a0\u00a0\u00a0\u00a0\u00a0\u00a0\u00a0\u00a0 &#8211; M\u00aa In\u00e9s Casas Fern\u00e1ndez<\/strong><\/p>\n<p><strong>\u00a0<\/strong>-Meta <strong>&#8211; <\/strong><strong>Manuel Fernando Pach\u00f3n Tocado<\/strong><\/p>\n<p><span style=\"color: #ff0000;\"><strong><u>INSCRIPCIONES<\/u><\/strong><\/span><\/p>\n<p>Las inscripciones se abrir\u00e1n el <span style=\"color: #ff0000;\"><strong>8 de Ener<\/strong><\/span>o \u00a0y se cerrar\u00e1n el <span style=\"color: #ff0000;\"><strong>19 de Enero a las 22:00<\/strong><\/span>.<\/p>\n<p><span style=\"color: #ff0000;\"><strong>FORMULARIOS de INSCRIPCI\u00d3N<\/strong><\/span><\/p>\n<p><a href=\"https:\/\/forms.gle\/AugKUy1FotJiGfBr8\"><img loading=\"lazy\" decoding=\"async\" class=\"aligncenter  wp-image-7534\" src=\"https:\/\/www.clubsurco.es\/wp-content\/uploads\/Bot\u00f3n-Verde-JDM-300x109.png\" alt=\"\" width=\"217\" height=\"79\" srcset=\"https:\/\/www.clubsurco.es\/wp-content\/uploads\/Bot\u00f3n-Verde-JDM-300x109.png 300w, https:\/\/www.clubsurco.es\/wp-content\/uploads\/Bot\u00f3n-Verde-JDM.png 603w\" sizes=\"auto, (max-width: 217px) 100vw, 217px\" \/><\/a><\/p>\n<p><a href=\"https:\/\/forms.gle\/gtemJvZcgeA2jzEr5\"><img loading=\"lazy\" decoding=\"async\" class=\"aligncenter  wp-image-7535\" src=\"https:\/\/www.clubsurco.es\/wp-content\/uploads\/Bot\u00f3n-Verde-s\u00f3lo-esta-carrera-sin-JDM-300x109.png\" alt=\"\" width=\"210\" height=\"76\" srcset=\"https:\/\/www.clubsurco.es\/wp-content\/uploads\/Bot\u00f3n-Verde-s\u00f3lo-esta-carrera-sin-JDM-300x109.png 300w, https:\/\/www.clubsurco.es\/wp-content\/uploads\/Bot\u00f3n-Verde-s\u00f3lo-esta-carrera-sin-JDM.png 603w\" sizes=\"auto, (max-width: 210px) 100vw, 210px\" \/><\/a><\/p>\n<p><a href=\"https:\/\/www.clubsurco.es\/wp-content\/uploads\/4b-Inscritos-1-JDM-Pq-Familias-Actualizado-2026-01-25-10h00.pdf\"><img loading=\"lazy\" decoding=\"async\" class=\"aligncenter  wp-image-5621\" src=\"https:\/\/www.clubsurco.es\/wp-content\/uploads\/Inscritos-verde-300x109.jpg\" alt=\"\" width=\"215\" height=\"78\" srcset=\"https:\/\/www.clubsurco.es\/wp-content\/uploads\/Inscritos-verde-300x109.jpg 300w, https:\/\/www.clubsurco.es\/wp-content\/uploads\/Inscritos-verde.jpg 603w\" sizes=\"auto, (max-width: 215px) 100vw, 215px\" \/><\/a><\/p>\n<p style=\"text-align: center;\">Actualizado 26-01-2026 a las 10h<\/p>\n<p><a href=\"https:\/\/www.clubsurco.es\/wp-content\/uploads\/Parque-de-las-Familias-Francisco-BL.mp4\"><img loading=\"lazy\" decoding=\"async\" class=\"aligncenter size-medium wp-image-9378\" src=\"https:\/\/www.clubsurco.es\/wp-content\/uploads\/Boton-Verde-Parque-de-las-Familas-video-300x109.jpg\" alt=\"\" width=\"300\" height=\"109\" srcset=\"https:\/\/www.clubsurco.es\/wp-content\/uploads\/Boton-Verde-Parque-de-las-Familas-video-300x109.jpg 300w, https:\/\/www.clubsurco.es\/wp-content\/uploads\/Boton-Verde-Parque-de-las-Familas-video.jpg 603w\" sizes=\"auto, (max-width: 300px) 100vw, 300px\" \/><\/a><\/p>\n<p><span style=\"color: #ff0000;\"><strong><u>LOCALIZACI\u00d3N de SALIDA Y META ( CENTRO de COMPETICI\u00d3N )<\/u><\/strong><\/span><\/p>\n\n\n<iframe loading=\"lazy\" src=\"https:\/\/www.google.com\/maps\/d\/u\/0\/embed?mid=190JQxvVTgTqCc6SWpqFCEbSVLxh6iAw&#038;ehbc=2E312F\" width=\"640\" height=\"480\"><\/iframe>\n\n\n<div id=\"attachment_9284\" style=\"width: 406px\" class=\"wp-caption aligncenter\"><img loading=\"lazy\" decoding=\"async\" aria-describedby=\"caption-attachment-9284\" class=\" wp-image-9284\" src=\"https:\/\/www.clubsurco.es\/wp-content\/uploads\/Publicidad-PMD-JDM-2026-red-300x56.jpg\" alt=\"\" width=\"396\" height=\"74\" srcset=\"https:\/\/www.clubsurco.es\/wp-content\/uploads\/Publicidad-PMD-JDM-2026-red-300x56.jpg 300w, https:\/\/www.clubsurco.es\/wp-content\/uploads\/Publicidad-PMD-JDM-2026-red-1024x192.jpg 1024w, https:\/\/www.clubsurco.es\/wp-content\/uploads\/Publicidad-PMD-JDM-2026-red-768x144.jpg 768w, https:\/\/www.clubsurco.es\/wp-content\/uploads\/Publicidad-PMD-JDM-2026-red-1536x288.jpg 1536w, https:\/\/www.clubsurco.es\/wp-content\/uploads\/Publicidad-PMD-JDM-2026-red-619x116.jpg 619w, https:\/\/www.clubsurco.es\/wp-content\/uploads\/Publicidad-PMD-JDM-2026-red.jpg 2000w\" sizes=\"auto, (max-width: 396px) 100vw, 396px\" \/><p id=\"caption-attachment-9284\" class=\"wp-caption-text\">File written by Adobe Photoshop\u00a8 4.0<\/p><\/div>","protected":false},"excerpt":{"rendered":"<p>1\u00aa &#8211; 24 Enero \u2013 Parque\u00a0 de las Familias Esta ma\u00f1ana se ha celebrado la 1\u00aa prueba de los JDM 2026 en el Parque de las Familias. Aqu\u00ed est\u00e1n los resultados. Se abre un plazo de 3 d\u00edas para formular reclamaciones. Si las hubiese, un comit\u00e9 t\u00e9cnico las estudiar\u00e1 y si fuesen procedentes ser\u00e1n aplicadas. [&hellip;]<\/p>\n","protected":false},"author":1,"featured_media":0,"parent":1959,"menu_order":1,"comment_status":"closed","ping_status":"closed","template":"","meta":{"footnotes":""},"class_list":["post-2385","page","type-page","status-publish","hentry"],"_links":{"self":[{"href":"https:\/\/www.clubsurco.es\/index.php?rest_route=\/wp\/v2\/pages\/2385","targetHints":{"allow":["GET"]}}],"collection":[{"href":"https:\/\/www.clubsurco.es\/index.php?rest_route=\/wp\/v2\/pages"}],"about":[{"href":"https:\/\/www.clubsurco.es\/index.php?rest_route=\/wp\/v2\/types\/page"}],"author":[{"embeddable":true,"href":"https:\/\/www.clubsurco.es\/index.php?rest_route=\/wp\/v2\/users\/1"}],"replies":[{"embeddable":true,"href":"https:\/\/www.clubsurco.es\/index.php?rest_route=%2Fwp%2Fv2%2Fcomments&post=2385"}],"version-history":[{"count":216,"href":"https:\/\/www.clubsurco.es\/index.php?rest_route=\/wp\/v2\/pages\/2385\/revisions"}],"predecessor-version":[{"id":9479,"href":"https:\/\/www.clubsurco.es\/index.php?rest_route=\/wp\/v2\/pages\/2385\/revisions\/9479"}],"up":[{"embeddable":true,"href":"https:\/\/www.clubsurco.es\/index.php?rest_route=\/wp\/v2\/pages\/1959"}],"wp:attachment":[{"href":"https:\/\/www.clubsurco.es\/index.php?rest_route=%2Fwp%2Fv2%2Fmedia&parent=2385"}],"curies":[{"name":"wp","href":"https:\/\/api.w.org\/{rel}","templated":true}]}}