{"id":2573,"date":"2018-12-20T08:06:39","date_gmt":"2018-12-20T07:06:39","guid":{"rendered":"http:\/\/www.clubsurco.es\/?page_id=2573"},"modified":"2026-01-12T14:23:48","modified_gmt":"2026-01-12T13:23:48","slug":"i-le-23-24-febrero-2019","status":"publish","type":"page","link":"https:\/\/www.clubsurco.es\/?page_id=2573","title":{"rendered":"I LEOP \u2013 7 y 8 de Febrero"},"content":{"rendered":"<h2 class=\"Default\"><span style=\"color: #ff0000;\"><strong>I LEOP \u2013 7 y 8 de Febrero<\/strong><\/span><\/h2>\n<p>La Federaci\u00f3n del Deporte de ORIENTACI\u00d3N de la Comunidad Valenciana (FEDOCV), organiza los d\u00edas 7 y 8 de Febrero en El Pinoso (Alicante) \u00a0la I prueba de Liga Espa\u00f1ola de O-Pie, XV Premio Internacional de Orientaci\u00f3n de la Comunidad Valenciana (World Ranking Event).<\/p>\n<p>La informaci\u00f3n actual est\u00e1 en su bolet\u00edn 2<\/p>\n<p><a href=\"https:\/\/www.fedocv.org\/ficheros\/liganacional\/2026-LEOP01-WRE26-BOLETIN-02-Pinoso.pdf\"><img loading=\"lazy\" decoding=\"async\" class=\"aligncenter  wp-image-9393\" src=\"https:\/\/www.clubsurco.es\/wp-content\/uploads\/Boletin-2-213x300.jpg\" alt=\"\" width=\"138\" height=\"194\" srcset=\"https:\/\/www.clubsurco.es\/wp-content\/uploads\/Boletin-2-213x300.jpg 213w, https:\/\/www.clubsurco.es\/wp-content\/uploads\/Boletin-2.jpg 282w\" sizes=\"auto, (max-width: 138px) 100vw, 138px\" \/><\/a><\/p>\n<p>La informaci\u00f3n actualizada estar\u00e1 en su web.<\/p>\n<p><a href=\"https:\/\/www.fedocv.org\/competiciones\/nacional\/leop\/xv-premio-de-orientacion-comunidad-valenciana-wre-villa-de-pinoso\/\"><img loading=\"lazy\" decoding=\"async\" class=\"aligncenter size-medium wp-image-9391\" src=\"https:\/\/www.clubsurco.es\/wp-content\/uploads\/Web-logo-fedocv-2-300x80.png\" alt=\"\" width=\"300\" height=\"80\" srcset=\"https:\/\/www.clubsurco.es\/wp-content\/uploads\/Web-logo-fedocv-2-300x80.png 300w, https:\/\/www.clubsurco.es\/wp-content\/uploads\/Web-logo-fedocv-2.png 500w\" sizes=\"auto, (max-width: 300px) 100vw, 300px\" \/><\/a>A las 19:00 del s\u00e1bado se har\u00e1 entrega de los <span style=\"color: #ff0000;\"><strong>trofeos de la Liga de 2025<\/strong><\/span> en la <span style=\"color: #ff0000;\"><strong>GALA DEL DEPORTE 2025<\/strong><\/span> en el AUDITORIO TEATRO EMILIO MARTINEZ.<\/p>\n<p><span style=\"color: #ff0000;\"><strong>Socios SURCO<\/strong><\/span> &#8211; Para inscribirse, rellenar uno de los dos formularios. El que prefieras.<\/p>\n<p>En la inscripci\u00f3n directa ( 1\u00aa opci\u00f3n ), el plazo de inscripci\u00f3n es el marcado por la Organizaci\u00f3n del Evento, y una vez hecha la inscripci\u00f3n, marcar <strong>\u201cpago por transferencia\u201d, pero<\/strong> <span style=\"color: #ff0000;\"><strong>NO hacer la transferencia<\/strong><\/span>. La har\u00e1 el Club.<\/p>\n<p><a href=\"https:\/\/sico.fedo.org\/login.php?\"><img loading=\"lazy\" decoding=\"async\" class=\"aligncenter  wp-image-5623\" src=\"https:\/\/www.clubsurco.es\/wp-content\/uploads\/Me-inscribo-directamente-Naranja-x2-300x53.jpg\" alt=\"\" width=\"430\" height=\"76\" srcset=\"https:\/\/www.clubsurco.es\/wp-content\/uploads\/Me-inscribo-directamente-Naranja-x2-300x53.jpg 300w, https:\/\/www.clubsurco.es\/wp-content\/uploads\/Me-inscribo-directamente-Naranja-x2-768x137.jpg 768w, https:\/\/www.clubsurco.es\/wp-content\/uploads\/Me-inscribo-directamente-Naranja-x2-1024x182.jpg 1024w, https:\/\/www.clubsurco.es\/wp-content\/uploads\/Me-inscribo-directamente-Naranja-x2-619x110.jpg 619w, https:\/\/www.clubsurco.es\/wp-content\/uploads\/Me-inscribo-directamente-Naranja-x2.jpg 1196w\" sizes=\"auto, (max-width: 430px) 100vw, 430px\" \/><\/a><\/p>\n<p><u>INSCRIBIRSE SOCIOS NO FEDERADOS y FEDERADOS<\/u><\/p>\n<p>En la 2\u00aa opci\u00f3n, el plazo de inscripci\u00f3n es algo m\u00e1s corto, marcado por Club SURCO.<\/p>\n<p>Las inscripciones se har\u00e1n con los que cumplimenten el formulario antes del 25 de Enero a las 22:00 ya que a esa hora se cerrar\u00e1 el formulario y se har\u00e1n las \u00faltimas inscripciones.<\/p>\n<p><a href=\"https:\/\/forms.gle\/o1qaLjgRJZGc9rhYA\"><img loading=\"lazy\" decoding=\"async\" class=\"aligncenter  wp-image-5622\" src=\"https:\/\/www.clubsurco.es\/wp-content\/uploads\/Me-inscribe-el-Club-Naranja-x2-300x53.jpg\" alt=\"\" width=\"458\" height=\"81\" srcset=\"https:\/\/www.clubsurco.es\/wp-content\/uploads\/Me-inscribe-el-Club-Naranja-x2-300x53.jpg 300w, https:\/\/www.clubsurco.es\/wp-content\/uploads\/Me-inscribe-el-Club-Naranja-x2-768x137.jpg 768w, https:\/\/www.clubsurco.es\/wp-content\/uploads\/Me-inscribe-el-Club-Naranja-x2-1024x182.jpg 1024w, https:\/\/www.clubsurco.es\/wp-content\/uploads\/Me-inscribe-el-Club-Naranja-x2-619x110.jpg 619w, https:\/\/www.clubsurco.es\/wp-content\/uploads\/Me-inscribe-el-Club-Naranja-x2.jpg 1196w\" sizes=\"auto, (max-width: 458px) 100vw, 458px\" \/><\/a><a href=\"https:\/\/sico.fedo.org\/carrera.php?id=20162251\"><img loading=\"lazy\" decoding=\"async\" class=\"aligncenter size-medium wp-image-5621\" src=\"https:\/\/www.clubsurco.es\/wp-content\/uploads\/Inscritos-verde-300x109.jpg\" alt=\"\" width=\"300\" height=\"109\" srcset=\"https:\/\/www.clubsurco.es\/wp-content\/uploads\/Inscritos-verde-300x109.jpg 300w, https:\/\/www.clubsurco.es\/wp-content\/uploads\/Inscritos-verde.jpg 603w\" sizes=\"auto, (max-width: 300px) 100vw, 300px\" \/><\/a><\/p>\n<p><img loading=\"lazy\" decoding=\"async\" class=\"wp-image-9396 aligncenter\" src=\"https:\/\/www.clubsurco.es\/wp-content\/uploads\/Publicidad-PMD-Competiciones-2026-red-300x56.jpg\" alt=\"\" width=\"633\" height=\"118\" srcset=\"https:\/\/www.clubsurco.es\/wp-content\/uploads\/Publicidad-PMD-Competiciones-2026-red-300x56.jpg 300w, https:\/\/www.clubsurco.es\/wp-content\/uploads\/Publicidad-PMD-Competiciones-2026-red-1024x192.jpg 1024w, https:\/\/www.clubsurco.es\/wp-content\/uploads\/Publicidad-PMD-Competiciones-2026-red-768x144.jpg 768w, https:\/\/www.clubsurco.es\/wp-content\/uploads\/Publicidad-PMD-Competiciones-2026-red-1536x288.jpg 1536w, https:\/\/www.clubsurco.es\/wp-content\/uploads\/Publicidad-PMD-Competiciones-2026-red-619x116.jpg 619w, https:\/\/www.clubsurco.es\/wp-content\/uploads\/Publicidad-PMD-Competiciones-2026-red.jpg 2000w\" sizes=\"auto, (max-width: 633px) 100vw, 633px\" \/><\/p>\n","protected":false},"excerpt":{"rendered":"<p>I LEOP \u2013 7 y 8 de Febrero La Federaci\u00f3n del Deporte de ORIENTACI\u00d3N de la Comunidad Valenciana (FEDOCV), organiza los d\u00edas 7 y 8 de Febrero en El Pinoso (Alicante) \u00a0la I prueba de Liga Espa\u00f1ola de O-Pie, XV Premio Internacional de Orientaci\u00f3n de la Comunidad Valenciana (World Ranking Event). La informaci\u00f3n actual est\u00e1 [&hellip;]<\/p>\n","protected":false},"author":1,"featured_media":0,"parent":1967,"menu_order":1,"comment_status":"closed","ping_status":"closed","template":"page-full-width.php","meta":{"footnotes":""},"class_list":["post-2573","page","type-page","status-publish","hentry"],"_links":{"self":[{"href":"https:\/\/www.clubsurco.es\/index.php?rest_route=\/wp\/v2\/pages\/2573","targetHints":{"allow":["GET"]}}],"collection":[{"href":"https:\/\/www.clubsurco.es\/index.php?rest_route=\/wp\/v2\/pages"}],"about":[{"href":"https:\/\/www.clubsurco.es\/index.php?rest_route=\/wp\/v2\/types\/page"}],"author":[{"embeddable":true,"href":"https:\/\/www.clubsurco.es\/index.php?rest_route=\/wp\/v2\/users\/1"}],"replies":[{"embeddable":true,"href":"https:\/\/www.clubsurco.es\/index.php?rest_route=%2Fwp%2Fv2%2Fcomments&post=2573"}],"version-history":[{"count":19,"href":"https:\/\/www.clubsurco.es\/index.php?rest_route=\/wp\/v2\/pages\/2573\/revisions"}],"predecessor-version":[{"id":9400,"href":"https:\/\/www.clubsurco.es\/index.php?rest_route=\/wp\/v2\/pages\/2573\/revisions\/9400"}],"up":[{"embeddable":true,"href":"https:\/\/www.clubsurco.es\/index.php?rest_route=\/wp\/v2\/pages\/1967"}],"wp:attachment":[{"href":"https:\/\/www.clubsurco.es\/index.php?rest_route=%2Fwp%2Fv2%2Fmedia&parent=2573"}],"curies":[{"name":"wp","href":"https:\/\/api.w.org\/{rel}","templated":true}]}}