{"id":2575,"date":"2018-12-20T08:09:40","date_gmt":"2018-12-20T07:09:40","guid":{"rendered":"http:\/\/www.clubsurco.es\/?page_id=2575"},"modified":"2026-01-27T17:10:33","modified_gmt":"2026-01-27T16:10:33","slug":"ii-le-23-24-marzo-2019","status":"publish","type":"page","link":"https:\/\/www.clubsurco.es\/?page_id=2575","title":{"rendered":"LEOS \u2013 21 y 22 de Febrero"},"content":{"rendered":"<h2><span style=\"color: #ff0000;\"><strong>LEOS &#8211; M\u00e1laga \u2013 21 y 22 Febrero 2026<\/strong><\/span><\/h2>\n<p>El Club de Orientaci\u00f3n de M\u00e1laga organiza el III M\u00e1laga Orienteering Sprint Camp (MOSC), que como es habitual engloba una semana completa de eventos de Orientaci\u00f3n en diversas localidades malague\u00f1as.<\/p>\n<p>Las pruebas del fin de semana son de liga espa\u00f1ola y adem\u00e1s, Campeonatos de Espa\u00f1a de Relevos Mixtos, de Knock-Out y de SPRINT.<\/p>\n<p>La informaci\u00f3n actual est\u00e1 en el Bolet\u00edn 1 de la prueba:<\/p>\n<p><a href=\"https:\/\/drive.google.com\/file\/d\/1saUf1folqQEIZWcIqNc8S-KeJ8s6YQBG\/view\"><img loading=\"lazy\" decoding=\"async\" class=\"aligncenter  wp-image-9411\" src=\"https:\/\/www.clubsurco.es\/wp-content\/uploads\/Boletin-1-MOSC-214x300.jpg\" alt=\"\" width=\"151\" height=\"212\" srcset=\"https:\/\/www.clubsurco.es\/wp-content\/uploads\/Boletin-1-MOSC-214x300.jpg 214w, https:\/\/www.clubsurco.es\/wp-content\/uploads\/Boletin-1-MOSC.jpg 264w\" sizes=\"auto, (max-width: 151px) 100vw, 151px\" \/><\/a><\/p>\n<p>La informaci\u00f3n actualizada de la prueba estar\u00e1 en su web<\/p>\n<p><a href=\"https:\/\/malagamosc.com\/\"><img loading=\"lazy\" decoding=\"async\" class=\"aligncenter size-medium wp-image-9409\" src=\"https:\/\/www.clubsurco.es\/wp-content\/uploads\/Web-MOSC-300x77.jpg\" alt=\"\" width=\"300\" height=\"77\" srcset=\"https:\/\/www.clubsurco.es\/wp-content\/uploads\/Web-MOSC-300x77.jpg 300w, https:\/\/www.clubsurco.es\/wp-content\/uploads\/Web-MOSC-619x159.jpg 619w, https:\/\/www.clubsurco.es\/wp-content\/uploads\/Web-MOSC.jpg 742w\" sizes=\"auto, (max-width: 300px) 100vw, 300px\" \/><\/a><span style=\"color: #ff0000;\"><strong>IMPORTANTE<\/strong><\/span><\/p>\n<p>La organizaci\u00f3n <strong>obliga a correr con pinza SIAC<\/strong> en todas las pruebas. Si no la tienes, tendr\u00e1s que alquilarla.<\/p>\n<p>Los <span style=\"color: #ff0000;\"><strong>RELEVOS MIXTOS<\/strong><\/span>, ser\u00e1n por equipos de 4 postas, de las cuales, al menos 2 deber\u00e1n ser mujeres. Dos de ellas, ser\u00e1n la 1\u00aa y 4\u00aa postas. Se compite por Comunidades Aut\u00f3nomas.<\/p>\n<p>Los nombres de los que se inscriban a los relevos, se pasar\u00e1n al seleccionador t\u00e9cnico de la FADO para que forme los equipos incluy\u00e9ndoles con el resto de corredores andaluces.<\/p>\n<p>Cuando los equipos est\u00e9n formados, la FADO nos comunicar\u00e1 en cu\u00e1les de ellos participamos y quienes ser\u00e1n nuestros compa\u00f1eros.<\/p>\n<p>La idea que se tiene desde la Direcci\u00f3n T\u00e9cnica es cerrar el mayor n\u00famero de equipos con car\u00e1cter competitivo si bien sin cerrar la posibilidad de, aquellos que lo indiquen, disfrutar de una carrera sin este \u00abestr\u00e9s\u00bb a\u00f1adido.<\/p>\n<p>Por ello, se pregunta:<\/p>\n<p><strong>\u00bfEST\u00c1S DISPUESTO A SUBIRTE DE CATEGOR\u00cdA?<\/strong><\/p>\n<p>SIGNIFICA QUE SI HAY EQUIPOS INCOMPLETOS DE UNA CATEGOR\u00cdA SUPERIOR, ACEPTAR\u00cdAS SUBIRTE Y COMPLETAR EQUIPO.<\/p>\n<p><strong><u>INSCRIBIRSE SOCIOS FEDERADOS<\/u><\/strong><\/p>\n<p>En la inscripci\u00f3n directa ( 1\u00aa opci\u00f3n ), el plazo de inscripci\u00f3n es el marcado por la Organizaci\u00f3n del Evento, y una vez hecha la inscripci\u00f3n, marcar <strong>\u201cpago por transferencia\u201d, pero<\/strong> <span style=\"color: #ff0000;\"><strong>NO hacer la transferencia<\/strong><\/span>. La har\u00e1 el Club.<\/p>\n<p><a href=\"https:\/\/sico.fedo.org\/login.php?\"><img loading=\"lazy\" decoding=\"async\" class=\"aligncenter size-medium wp-image-5623\" src=\"https:\/\/www.clubsurco.es\/wp-content\/uploads\/Me-inscribo-directamente-Naranja-x2-300x53.jpg\" alt=\"\" width=\"300\" height=\"53\" srcset=\"https:\/\/www.clubsurco.es\/wp-content\/uploads\/Me-inscribo-directamente-Naranja-x2-300x53.jpg 300w, https:\/\/www.clubsurco.es\/wp-content\/uploads\/Me-inscribo-directamente-Naranja-x2-768x137.jpg 768w, https:\/\/www.clubsurco.es\/wp-content\/uploads\/Me-inscribo-directamente-Naranja-x2-1024x182.jpg 1024w, https:\/\/www.clubsurco.es\/wp-content\/uploads\/Me-inscribo-directamente-Naranja-x2-619x110.jpg 619w, https:\/\/www.clubsurco.es\/wp-content\/uploads\/Me-inscribo-directamente-Naranja-x2.jpg 1196w\" sizes=\"auto, (max-width: 300px) 100vw, 300px\" \/><\/a><\/p>\n<p><strong><u>INSCRIBIRSE SOCIOS NO FEDERADOS\u00a0\u00a0 Y\u00a0\u00a0 FEDERADOS<\/u><\/strong><\/p>\n<p>En la 2\u00aa opci\u00f3n, el plazo de inscripci\u00f3n es algo m\u00e1s corto, marcado por Club SURCO.<\/p>\n<p>Las inscripciones se har\u00e1n con los que cumplimenten el formulario antes del<span style=\"color: #ff0000;\"><strong> 4 de Febrero a las 22:00<\/strong><\/span>, ya que a esa hora se cerrar\u00e1 el formulario y se har\u00e1n las inscripciones.<\/p>\n<p><a href=\"https:\/\/forms.gle\/ZaAavcNsidVCKkP29\"><img loading=\"lazy\" decoding=\"async\" class=\"aligncenter size-medium wp-image-5622\" src=\"https:\/\/www.clubsurco.es\/wp-content\/uploads\/Me-inscribe-el-Club-Naranja-x2-300x53.jpg\" alt=\"\" width=\"300\" height=\"53\" srcset=\"https:\/\/www.clubsurco.es\/wp-content\/uploads\/Me-inscribe-el-Club-Naranja-x2-300x53.jpg 300w, https:\/\/www.clubsurco.es\/wp-content\/uploads\/Me-inscribe-el-Club-Naranja-x2-768x137.jpg 768w, https:\/\/www.clubsurco.es\/wp-content\/uploads\/Me-inscribe-el-Club-Naranja-x2-1024x182.jpg 1024w, https:\/\/www.clubsurco.es\/wp-content\/uploads\/Me-inscribe-el-Club-Naranja-x2-619x110.jpg 619w, https:\/\/www.clubsurco.es\/wp-content\/uploads\/Me-inscribe-el-Club-Naranja-x2.jpg 1196w\" sizes=\"auto, (max-width: 300px) 100vw, 300px\" \/><\/a><a href=\"https:\/\/sico.fedo.org\/carrera.php?id=20162181\"><img loading=\"lazy\" decoding=\"async\" class=\"aligncenter  wp-image-5621\" src=\"https:\/\/www.clubsurco.es\/wp-content\/uploads\/Inscritos-verde-300x109.jpg\" alt=\"\" width=\"187\" height=\"68\" srcset=\"https:\/\/www.clubsurco.es\/wp-content\/uploads\/Inscritos-verde-300x109.jpg 300w, https:\/\/www.clubsurco.es\/wp-content\/uploads\/Inscritos-verde.jpg 603w\" sizes=\"auto, (max-width: 187px) 100vw, 187px\" \/><\/a><\/p>\n<p><img loading=\"lazy\" decoding=\"async\" class=\" wp-image-9396\" src=\"https:\/\/www.clubsurco.es\/wp-content\/uploads\/Publicidad-PMD-Competiciones-2026-red-300x56.jpg\" alt=\"\" width=\"563\" height=\"105\" srcset=\"https:\/\/www.clubsurco.es\/wp-content\/uploads\/Publicidad-PMD-Competiciones-2026-red-300x56.jpg 300w, https:\/\/www.clubsurco.es\/wp-content\/uploads\/Publicidad-PMD-Competiciones-2026-red-1024x192.jpg 1024w, https:\/\/www.clubsurco.es\/wp-content\/uploads\/Publicidad-PMD-Competiciones-2026-red-768x144.jpg 768w, https:\/\/www.clubsurco.es\/wp-content\/uploads\/Publicidad-PMD-Competiciones-2026-red-1536x288.jpg 1536w, https:\/\/www.clubsurco.es\/wp-content\/uploads\/Publicidad-PMD-Competiciones-2026-red-619x116.jpg 619w, https:\/\/www.clubsurco.es\/wp-content\/uploads\/Publicidad-PMD-Competiciones-2026-red.jpg 2000w\" sizes=\"auto, (max-width: 563px) 100vw, 563px\" \/><\/p>\n\n\n<p><\/p>\n","protected":false},"excerpt":{"rendered":"<p>LEOS &#8211; M\u00e1laga \u2013 21 y 22 Febrero 2026 El Club de Orientaci\u00f3n de M\u00e1laga organiza el III M\u00e1laga Orienteering Sprint Camp (MOSC), que como es habitual engloba una semana completa de eventos de Orientaci\u00f3n en diversas localidades malague\u00f1as. Las pruebas del fin de semana son de liga espa\u00f1ola y adem\u00e1s, Campeonatos de Espa\u00f1a de [&hellip;]<\/p>\n","protected":false},"author":1,"featured_media":0,"parent":1967,"menu_order":2,"comment_status":"closed","ping_status":"closed","template":"","meta":{"footnotes":""},"class_list":["post-2575","page","type-page","status-publish","hentry"],"_links":{"self":[{"href":"https:\/\/www.clubsurco.es\/index.php?rest_route=\/wp\/v2\/pages\/2575","targetHints":{"allow":["GET"]}}],"collection":[{"href":"https:\/\/www.clubsurco.es\/index.php?rest_route=\/wp\/v2\/pages"}],"about":[{"href":"https:\/\/www.clubsurco.es\/index.php?rest_route=\/wp\/v2\/types\/page"}],"author":[{"embeddable":true,"href":"https:\/\/www.clubsurco.es\/index.php?rest_route=\/wp\/v2\/users\/1"}],"replies":[{"embeddable":true,"href":"https:\/\/www.clubsurco.es\/index.php?rest_route=%2Fwp%2Fv2%2Fcomments&post=2575"}],"version-history":[{"count":23,"href":"https:\/\/www.clubsurco.es\/index.php?rest_route=\/wp\/v2\/pages\/2575\/revisions"}],"predecessor-version":[{"id":9498,"href":"https:\/\/www.clubsurco.es\/index.php?rest_route=\/wp\/v2\/pages\/2575\/revisions\/9498"}],"up":[{"embeddable":true,"href":"https:\/\/www.clubsurco.es\/index.php?rest_route=\/wp\/v2\/pages\/1967"}],"wp:attachment":[{"href":"https:\/\/www.clubsurco.es\/index.php?rest_route=%2Fwp%2Fv2%2Fmedia&parent=2575"}],"curies":[{"name":"wp","href":"https:\/\/api.w.org\/{rel}","templated":true}]}}