{"id":2577,"date":"2018-12-20T08:12:44","date_gmt":"2018-12-20T07:12:44","guid":{"rendered":"http:\/\/www.clubsurco.es\/?page_id=2577"},"modified":"2026-01-27T17:12:05","modified_gmt":"2026-01-27T16:12:05","slug":"iii-le-06-07-abril-2019","status":"publish","type":"page","link":"https:\/\/www.clubsurco.es\/?page_id=2577","title":{"rendered":"III LEOP \u2013 21 y 22 Marzo"},"content":{"rendered":"<h2><span style=\"color: #ff0000;\"><strong>III LEOP \u2013Cuenca &#8211; 21 y 22 de Marzo 2026<\/strong><\/span><\/h2>\n<p>El Club de Orientaci\u00f3n de Cuenca (COMCU) y La Federaci\u00f3n de Orientaci\u00f3n de Castilla La Mancha (FECAMADO), organiza los d\u00edas 21 y 22 de Marzo la III prueba de Liga Espa\u00f1ola de O-Pie, Trofeo Quijotes y <strong>Campeonato Ib\u00e9rico Masculino<\/strong>.<\/p>\n<p>La informaci\u00f3n actual est\u00e1 en su bolet\u00edn 1<\/p>\n<p><a href=\"https:\/\/trofeoquijotes.es\/wp-content\/uploads\/2026\/01\/Boletin_1_TQ2026.pdf\"><img loading=\"lazy\" decoding=\"async\" class=\"aligncenter  wp-image-9489\" src=\"https:\/\/www.clubsurco.es\/wp-content\/uploads\/Boletin-Cuenca-213x300.jpg\" alt=\"\" width=\"141\" height=\"199\" srcset=\"https:\/\/www.clubsurco.es\/wp-content\/uploads\/Boletin-Cuenca-213x300.jpg 213w, https:\/\/www.clubsurco.es\/wp-content\/uploads\/Boletin-Cuenca.jpg 263w\" sizes=\"auto, (max-width: 141px) 100vw, 141px\" \/><\/a><\/p>\n<p>La informaci\u00f3n actualizada estar\u00e1 en su web.<\/p>\n<p><a href=\"https:\/\/trofeoquijotes.es\/\"><img loading=\"lazy\" decoding=\"async\" class=\"aligncenter  wp-image-9487\" src=\"https:\/\/www.clubsurco.es\/wp-content\/uploads\/Web-Cuenca-300x131.jpg\" alt=\"\" width=\"176\" height=\"77\" srcset=\"https:\/\/www.clubsurco.es\/wp-content\/uploads\/Web-Cuenca-300x131.jpg 300w, https:\/\/www.clubsurco.es\/wp-content\/uploads\/Web-Cuenca-768x335.jpg 768w, https:\/\/www.clubsurco.es\/wp-content\/uploads\/Web-Cuenca-619x270.jpg 619w, https:\/\/www.clubsurco.es\/wp-content\/uploads\/Web-Cuenca.jpg 986w\" sizes=\"auto, (max-width: 176px) 100vw, 176px\" \/><\/a>Socios SURCO &#8211; Para inscribirse, rellenar uno de los dos formularios. El que prefieras.<\/p>\n<p><u>INSCRIBIRSE SOCIOS FEDERADOS<\/u><\/p>\n<p>En la inscripci\u00f3n directa ( 1\u00aa opci\u00f3n ), el plazo de inscripci\u00f3n es el marcado por la Organizaci\u00f3n del Evento, y una vez hecha la inscripci\u00f3n, marcar <strong>\u201cpago por transferencia\u201d, pero<\/strong> <span style=\"color: #ff0000;\"><strong>NO hacer la transferencia<\/strong><\/span>. La har\u00e1 el Club.<\/p>\n<p><a href=\"https:\/\/sico.fedo.org\/login.php?\"><img loading=\"lazy\" decoding=\"async\" class=\"aligncenter  wp-image-5623\" src=\"https:\/\/www.clubsurco.es\/wp-content\/uploads\/Me-inscribo-directamente-Naranja-x2-300x53.jpg\" alt=\"\" width=\"498\" height=\"88\" srcset=\"https:\/\/www.clubsurco.es\/wp-content\/uploads\/Me-inscribo-directamente-Naranja-x2-300x53.jpg 300w, https:\/\/www.clubsurco.es\/wp-content\/uploads\/Me-inscribo-directamente-Naranja-x2-768x137.jpg 768w, https:\/\/www.clubsurco.es\/wp-content\/uploads\/Me-inscribo-directamente-Naranja-x2-1024x182.jpg 1024w, https:\/\/www.clubsurco.es\/wp-content\/uploads\/Me-inscribo-directamente-Naranja-x2-619x110.jpg 619w, https:\/\/www.clubsurco.es\/wp-content\/uploads\/Me-inscribo-directamente-Naranja-x2.jpg 1196w\" sizes=\"auto, (max-width: 498px) 100vw, 498px\" \/><\/a><\/p>\n<p><u>INSCRIBIRSE SOCIOS NO FEDERADOS<\/u><\/p>\n<p>En la 2\u00aa opci\u00f3n, el plazo de inscripci\u00f3n es algo m\u00e1s corto, marcado por Club SURCO.<\/p>\n<p>Las inscripciones se har\u00e1n con los que cumplimenten el formulario antes del 6 de Marzo a las <strong>12:00<\/strong> (mediod\u00eda), ya que a esa hora se cerrar\u00e1 el formulario y se har\u00e1n las \u00faltimas inscripciones.<\/p>\n<p><a href=\"https:\/\/forms.gle\/uoE4hWxo4nHYgi479\"><img loading=\"lazy\" decoding=\"async\" class=\"aligncenter  wp-image-5622\" src=\"https:\/\/www.clubsurco.es\/wp-content\/uploads\/Me-inscribe-el-Club-Naranja-x2-300x53.jpg\" alt=\"\" width=\"447\" height=\"79\" srcset=\"https:\/\/www.clubsurco.es\/wp-content\/uploads\/Me-inscribe-el-Club-Naranja-x2-300x53.jpg 300w, https:\/\/www.clubsurco.es\/wp-content\/uploads\/Me-inscribe-el-Club-Naranja-x2-768x137.jpg 768w, https:\/\/www.clubsurco.es\/wp-content\/uploads\/Me-inscribe-el-Club-Naranja-x2-1024x182.jpg 1024w, https:\/\/www.clubsurco.es\/wp-content\/uploads\/Me-inscribe-el-Club-Naranja-x2-619x110.jpg 619w, https:\/\/www.clubsurco.es\/wp-content\/uploads\/Me-inscribe-el-Club-Naranja-x2.jpg 1196w\" sizes=\"auto, (max-width: 447px) 100vw, 447px\" \/><\/a><\/p>\n<p><a href=\"https:\/\/sico.fedo.org\/carrera.php?id=20162265\"><img loading=\"lazy\" decoding=\"async\" class=\"aligncenter  wp-image-5621\" src=\"https:\/\/www.clubsurco.es\/wp-content\/uploads\/Inscritos-verde-300x109.jpg\" alt=\"\" width=\"223\" height=\"81\" srcset=\"https:\/\/www.clubsurco.es\/wp-content\/uploads\/Inscritos-verde-300x109.jpg 300w, https:\/\/www.clubsurco.es\/wp-content\/uploads\/Inscritos-verde.jpg 603w\" sizes=\"auto, (max-width: 223px) 100vw, 223px\" \/><\/a><\/p>\n<p>&nbsp;<\/p>\n<p><img loading=\"lazy\" decoding=\"async\" class=\" wp-image-9396\" src=\"https:\/\/www.clubsurco.es\/wp-content\/uploads\/Publicidad-PMD-Competiciones-2026-red-300x56.jpg\" alt=\"\" width=\"514\" height=\"96\" srcset=\"https:\/\/www.clubsurco.es\/wp-content\/uploads\/Publicidad-PMD-Competiciones-2026-red-300x56.jpg 300w, https:\/\/www.clubsurco.es\/wp-content\/uploads\/Publicidad-PMD-Competiciones-2026-red-1024x192.jpg 1024w, https:\/\/www.clubsurco.es\/wp-content\/uploads\/Publicidad-PMD-Competiciones-2026-red-768x144.jpg 768w, https:\/\/www.clubsurco.es\/wp-content\/uploads\/Publicidad-PMD-Competiciones-2026-red-1536x288.jpg 1536w, https:\/\/www.clubsurco.es\/wp-content\/uploads\/Publicidad-PMD-Competiciones-2026-red-619x116.jpg 619w, https:\/\/www.clubsurco.es\/wp-content\/uploads\/Publicidad-PMD-Competiciones-2026-red.jpg 2000w\" sizes=\"auto, (max-width: 514px) 100vw, 514px\" \/><\/p>\n","protected":false},"excerpt":{"rendered":"<p>III LEOP \u2013Cuenca &#8211; 21 y 22 de Marzo 2026 El Club de Orientaci\u00f3n de Cuenca (COMCU) y La Federaci\u00f3n de Orientaci\u00f3n de Castilla La Mancha (FECAMADO), organiza los d\u00edas 21 y 22 de Marzo la III prueba de Liga Espa\u00f1ola de O-Pie, Trofeo Quijotes y Campeonato Ib\u00e9rico Masculino. La informaci\u00f3n actual est\u00e1 en su [&hellip;]<\/p>\n","protected":false},"author":1,"featured_media":0,"parent":1967,"menu_order":4,"comment_status":"closed","ping_status":"closed","template":"","meta":{"footnotes":""},"class_list":["post-2577","page","type-page","status-publish","hentry"],"_links":{"self":[{"href":"https:\/\/www.clubsurco.es\/index.php?rest_route=\/wp\/v2\/pages\/2577","targetHints":{"allow":["GET"]}}],"collection":[{"href":"https:\/\/www.clubsurco.es\/index.php?rest_route=\/wp\/v2\/pages"}],"about":[{"href":"https:\/\/www.clubsurco.es\/index.php?rest_route=\/wp\/v2\/types\/page"}],"author":[{"embeddable":true,"href":"https:\/\/www.clubsurco.es\/index.php?rest_route=\/wp\/v2\/users\/1"}],"replies":[{"embeddable":true,"href":"https:\/\/www.clubsurco.es\/index.php?rest_route=%2Fwp%2Fv2%2Fcomments&post=2577"}],"version-history":[{"count":26,"href":"https:\/\/www.clubsurco.es\/index.php?rest_route=\/wp\/v2\/pages\/2577\/revisions"}],"predecessor-version":[{"id":9500,"href":"https:\/\/www.clubsurco.es\/index.php?rest_route=\/wp\/v2\/pages\/2577\/revisions\/9500"}],"up":[{"embeddable":true,"href":"https:\/\/www.clubsurco.es\/index.php?rest_route=\/wp\/v2\/pages\/1967"}],"wp:attachment":[{"href":"https:\/\/www.clubsurco.es\/index.php?rest_route=%2Fwp%2Fv2%2Fmedia&parent=2577"}],"curies":[{"name":"wp","href":"https:\/\/api.w.org\/{rel}","templated":true}]}}