{"id":2581,"date":"2018-12-20T08:18:48","date_gmt":"2018-12-20T07:18:48","guid":{"rendered":"http:\/\/www.clubsurco.es\/?page_id=2581"},"modified":"2026-01-27T17:31:11","modified_gmt":"2026-01-27T16:31:11","slug":"v-le-11-12-mayo-2019","status":"publish","type":"page","link":"https:\/\/www.clubsurco.es\/?page_id=2581","title":{"rendered":"IV LEOP \u2013 CEOP 2 a 5 de Abril"},"content":{"rendered":"<h2><span style=\"color: #ff0000;\"><strong>IV LEOP \u2013 CEOP &#8211; Catalu\u00f1a 2 a 5 de Abril<\/strong><\/span><\/h2>\n<p>La Federaci\u00f3 de Curses d\u2019Orientaci\u00f3 de Catalunya (FCOC) organiza del 2 al 5 de Abril el Campeonato de Espa\u00f1a de Media, Larga y Relevos Cl\u00e1sicos en Lles de Cerdanya y La Seu d\u2019Urgell).<\/p>\n<p>El Campeonato de Espa\u00f1a de Orientaci\u00f3n constar\u00e1 de 3 pruebas (Media, Larga y Relevos cl\u00e1sicos), a lo que se le a\u00f1ade un Sprint (La Seu d&#8217;Urgell) que tambi\u00e9n forma parte de la Liga Espa\u00f1ola de Sprint.<\/p>\n<p>La informaci\u00f3n inicial est\u00e1 en su bolet\u00edn 1<\/p>\n<p><a href=\"https:\/\/orientacio.cat\/files\/arxius\/\/CEO_2026\/\/Bolet__n_1___CEO_2026__ESP_.pdf\"><img loading=\"lazy\" decoding=\"async\" class=\"aligncenter  wp-image-9497\" src=\"https:\/\/www.clubsurco.es\/wp-content\/uploads\/Boletin-1-CEO-Cataluna-209x300.jpg\" alt=\"\" width=\"139\" height=\"200\" srcset=\"https:\/\/www.clubsurco.es\/wp-content\/uploads\/Boletin-1-CEO-Cataluna-209x300.jpg 209w, https:\/\/www.clubsurco.es\/wp-content\/uploads\/Boletin-1-CEO-Cataluna.jpg 260w\" sizes=\"auto, (max-width: 139px) 100vw, 139px\" \/><\/a><\/p>\n<p>La informaci\u00f3n actualizada estar\u00e1 en su web.<\/p>\n<p><a href=\"https:\/\/orientacio.cat\/ceo2026\"><img loading=\"lazy\" decoding=\"async\" class=\"aligncenter size-medium wp-image-9495\" src=\"https:\/\/www.clubsurco.es\/wp-content\/uploads\/Web-CEO-Cataluna-300x116.jpg\" alt=\"\" width=\"300\" height=\"116\" srcset=\"https:\/\/www.clubsurco.es\/wp-content\/uploads\/Web-CEO-Cataluna-300x116.jpg 300w, https:\/\/www.clubsurco.es\/wp-content\/uploads\/Web-CEO-Cataluna.jpg 389w\" sizes=\"auto, (max-width: 300px) 100vw, 300px\" \/><\/a><\/p>\n<p>Los <strong>RELEVOS CL\u00c1SICOS<\/strong>, como todos los a\u00f1os, ser\u00e1n por equipos de 3 corredores y se compite por autonom\u00edas.<\/p>\n<p>Los nombres de los que se inscriban a los relevos, se pasar\u00e1n al seleccionador t\u00e9cnico de la FADO para que forme los equipos incluy\u00e9ndoles con el resto de corredores andaluces.<\/p>\n<p>Cuando los equipos est\u00e9n formados, la FADO nos comunicar\u00e1 en cu\u00e1les de ellos participamos y quienes ser\u00e1n nuestros compa\u00f1eros.<\/p>\n<p>La idea que se tiene desde la Direcci\u00f3n T\u00e9cnica es completar el mayor n\u00famero de equipos con car\u00e1cter competitivo si bien sin cerrar la posibilidad de, aquellos que lo indiquen, de disfrutar de una carrera sin este \u00abestr\u00e9s\u00bb a\u00f1adido.<\/p>\n<p><span style=\"color: #ff0000;\"><strong>Por ello, se pregunta:<\/strong><\/span><\/p>\n<p><strong>\u00bfEST\u00c1S DISPUESTO A SUBIRTE DE CATEGOR\u00cdA?<\/strong><\/p>\n<p><strong>SIGNIFICA QUE SI HAY EQUIPOS INCOMPLETOS DE UNA CATEGOR\u00cdA SUPERIOR, ACEPTAR\u00cdAS SUBIRTE Y COMPLETAR EQUIPO.<\/strong><\/p>\n<p><span style=\"color: #ff0000;\"><strong><u>MUY IMPORTANTE<\/u><\/strong><\/span><\/p>\n<p>Dada la <strong>limitaci\u00f3n de aparcamientos<\/strong> por protecci\u00f3n medioambiental habr\u00e1 que <strong>solicitar<\/strong> en la inscripci\u00f3n la <strong>reserva de plaza<\/strong> para poder acceder con veh\u00edculo.<\/p>\n<p>Se deber\u00e1 hacer una <span style=\"color: #ff0000;\">aportaci\u00f3n de <strong>15 \u20ac<\/strong><\/span> por cada veh\u00edculo que quiera acceder a la zona de competici\u00f3n (menos de 5 metros de largo). El acceso <span style=\"color: #ff0000;\"><strong>ser\u00e1 gratuito<\/strong> para los veh\u00edculos <strong>con 7 personas o m\u00e1s<\/strong><\/span> para reducir el n\u00famero total de emisiones y espacio ocupado ( <strong>ver bolet\u00edn<\/strong>). Se deber\u00e1 indicar la matr\u00edcula en \u201cobservaciones\u201d al hacer la inscripci\u00f3n en el SICO.<\/p>\n<p>Para inscribirse, rellenar uno de los dos formularios. El que prefieras.<\/p>\n<p><strong><u>INSCRIBIRSE SOCIOS FEDERADOS<\/u><\/strong><\/p>\n<p>En la inscripci\u00f3n directa ( 1\u00aa opci\u00f3n ), el plazo de inscripci\u00f3n es el marcado por la Organizaci\u00f3n del Evento, y una vez hecha la inscripci\u00f3n, marcar <strong>\u201cpago por transferencia\u201d, pero<\/strong> <span style=\"color: #ff0000;\"><strong>NO hacer la transferencia<\/strong><\/span>. La har\u00e1 el Club.<\/p>\n<p><a href=\"https:\/\/sico.fedo.org\/login.php?\"><img loading=\"lazy\" decoding=\"async\" class=\"aligncenter  wp-image-5623\" src=\"https:\/\/www.clubsurco.es\/wp-content\/uploads\/Me-inscribo-directamente-Naranja-x2-300x53.jpg\" alt=\"\" width=\"532\" height=\"94\" srcset=\"https:\/\/www.clubsurco.es\/wp-content\/uploads\/Me-inscribo-directamente-Naranja-x2-300x53.jpg 300w, https:\/\/www.clubsurco.es\/wp-content\/uploads\/Me-inscribo-directamente-Naranja-x2-768x137.jpg 768w, https:\/\/www.clubsurco.es\/wp-content\/uploads\/Me-inscribo-directamente-Naranja-x2-1024x182.jpg 1024w, https:\/\/www.clubsurco.es\/wp-content\/uploads\/Me-inscribo-directamente-Naranja-x2-619x110.jpg 619w, https:\/\/www.clubsurco.es\/wp-content\/uploads\/Me-inscribo-directamente-Naranja-x2.jpg 1196w\" sizes=\"auto, (max-width: 532px) 100vw, 532px\" \/><\/a><\/p>\n<p><strong><u>INSCRIBIRSE SOCIOS NO FEDERADOS\u00a0\u00a0 Y\u00a0\u00a0 FEDERADOS<\/u><\/strong><\/p>\n<p>En la 2\u00aa opci\u00f3n, el plazo de inscripci\u00f3n es algo m\u00e1s corto, marcado por Club SURCO.<\/p>\n<p>Las inscripciones se har\u00e1n con los que cumplimenten el formulario antes del <strong>23 de Marzo a las 22:00<\/strong>, ya que a esa hora se cerrar\u00e1 el formulario y se har\u00e1n las \u00faltimas inscripciones.<\/p>\n<p><a href=\"https:\/\/forms.gle\/H9Dt3d62fLfChWA78\"><img loading=\"lazy\" decoding=\"async\" class=\"aligncenter  wp-image-5622\" src=\"https:\/\/www.clubsurco.es\/wp-content\/uploads\/Me-inscribe-el-Club-Naranja-x2-300x53.jpg\" alt=\"\" width=\"515\" height=\"91\" srcset=\"https:\/\/www.clubsurco.es\/wp-content\/uploads\/Me-inscribe-el-Club-Naranja-x2-300x53.jpg 300w, https:\/\/www.clubsurco.es\/wp-content\/uploads\/Me-inscribe-el-Club-Naranja-x2-768x137.jpg 768w, https:\/\/www.clubsurco.es\/wp-content\/uploads\/Me-inscribe-el-Club-Naranja-x2-1024x182.jpg 1024w, https:\/\/www.clubsurco.es\/wp-content\/uploads\/Me-inscribe-el-Club-Naranja-x2-619x110.jpg 619w, https:\/\/www.clubsurco.es\/wp-content\/uploads\/Me-inscribe-el-Club-Naranja-x2.jpg 1196w\" sizes=\"auto, (max-width: 515px) 100vw, 515px\" \/><\/a><a href=\"https:\/\/sico.fedo.org\/carrera.php?id=20162237\"><img loading=\"lazy\" decoding=\"async\" class=\"aligncenter size-medium wp-image-5621\" src=\"https:\/\/www.clubsurco.es\/wp-content\/uploads\/Inscritos-verde-300x109.jpg\" alt=\"\" width=\"300\" height=\"109\" srcset=\"https:\/\/www.clubsurco.es\/wp-content\/uploads\/Inscritos-verde-300x109.jpg 300w, https:\/\/www.clubsurco.es\/wp-content\/uploads\/Inscritos-verde.jpg 603w\" sizes=\"auto, (max-width: 300px) 100vw, 300px\" \/><\/a><\/p>\n<p><img loading=\"lazy\" decoding=\"async\" class=\" wp-image-9396\" src=\"https:\/\/www.clubsurco.es\/wp-content\/uploads\/Publicidad-PMD-Competiciones-2026-red-300x56.jpg\" alt=\"\" width=\"563\" height=\"105\" srcset=\"https:\/\/www.clubsurco.es\/wp-content\/uploads\/Publicidad-PMD-Competiciones-2026-red-300x56.jpg 300w, https:\/\/www.clubsurco.es\/wp-content\/uploads\/Publicidad-PMD-Competiciones-2026-red-1024x192.jpg 1024w, https:\/\/www.clubsurco.es\/wp-content\/uploads\/Publicidad-PMD-Competiciones-2026-red-768x144.jpg 768w, https:\/\/www.clubsurco.es\/wp-content\/uploads\/Publicidad-PMD-Competiciones-2026-red-1536x288.jpg 1536w, https:\/\/www.clubsurco.es\/wp-content\/uploads\/Publicidad-PMD-Competiciones-2026-red-619x116.jpg 619w, https:\/\/www.clubsurco.es\/wp-content\/uploads\/Publicidad-PMD-Competiciones-2026-red.jpg 2000w\" sizes=\"auto, (max-width: 563px) 100vw, 563px\" \/><\/p>\n","protected":false},"excerpt":{"rendered":"<p>IV LEOP \u2013 CEOP &#8211; Catalu\u00f1a 2 a 5 de Abril La Federaci\u00f3 de Curses d\u2019Orientaci\u00f3 de Catalunya (FCOC) organiza del 2 al 5 de Abril el Campeonato de Espa\u00f1a de Media, Larga y Relevos Cl\u00e1sicos en Lles de Cerdanya y La Seu d\u2019Urgell). El Campeonato de Espa\u00f1a de Orientaci\u00f3n constar\u00e1 de 3 pruebas (Media, [&hellip;]<\/p>\n","protected":false},"author":1,"featured_media":0,"parent":1967,"menu_order":5,"comment_status":"closed","ping_status":"closed","template":"","meta":{"footnotes":""},"class_list":["post-2581","page","type-page","status-publish","hentry"],"_links":{"self":[{"href":"https:\/\/www.clubsurco.es\/index.php?rest_route=\/wp\/v2\/pages\/2581","targetHints":{"allow":["GET"]}}],"collection":[{"href":"https:\/\/www.clubsurco.es\/index.php?rest_route=\/wp\/v2\/pages"}],"about":[{"href":"https:\/\/www.clubsurco.es\/index.php?rest_route=\/wp\/v2\/types\/page"}],"author":[{"embeddable":true,"href":"https:\/\/www.clubsurco.es\/index.php?rest_route=\/wp\/v2\/users\/1"}],"replies":[{"embeddable":true,"href":"https:\/\/www.clubsurco.es\/index.php?rest_route=%2Fwp%2Fv2%2Fcomments&post=2581"}],"version-history":[{"count":17,"href":"https:\/\/www.clubsurco.es\/index.php?rest_route=\/wp\/v2\/pages\/2581\/revisions"}],"predecessor-version":[{"id":9503,"href":"https:\/\/www.clubsurco.es\/index.php?rest_route=\/wp\/v2\/pages\/2581\/revisions\/9503"}],"up":[{"embeddable":true,"href":"https:\/\/www.clubsurco.es\/index.php?rest_route=\/wp\/v2\/pages\/1967"}],"wp:attachment":[{"href":"https:\/\/www.clubsurco.es\/index.php?rest_route=%2Fwp%2Fv2%2Fmedia&parent=2581"}],"curies":[{"name":"wp","href":"https:\/\/api.w.org\/{rel}","templated":true}]}}