{"id":2589,"date":"2018-12-20T08:32:01","date_gmt":"2018-12-20T07:32:01","guid":{"rendered":"http:\/\/www.clubsurco.es\/?page_id=2589"},"modified":"2026-01-27T17:11:19","modified_gmt":"2026-01-27T16:11:19","slug":"x-le-19-20-octubre-2019","status":"publish","type":"page","link":"https:\/\/www.clubsurco.es\/?page_id=2589","title":{"rendered":"II LEOP \u2013 7 y 8 de Marzo"},"content":{"rendered":"<h2><span style=\"color: #ff0000;\"><strong>II LEOP \u2013 Murcia &#8211; 7 y 8 de Marzo 2026<\/strong><\/span><\/h2>\n<h2><span style=\"color: #ff0000;\"><strong>XXXVIII Trofeo COSTA C\u00c1LIDA<\/strong><\/span><\/h2>\n<p>La Federaci\u00f3n Regional de Orientaci\u00f3n de Murcia (F.O.R.M.), organiza los d\u00edas 7 y 8 de Marzo en Moratalla la II prueba de Liga Espa\u00f1ola, 38\u00ba Trofeo Internacional Murcia Costa C\u00e1lida.<\/p>\n<p>La informaci\u00f3n actualizada estar\u00e1 en su web.<\/p>\n<p><a href=\"https:\/\/www.costacalidaopie.com\/\"><img loading=\"lazy\" decoding=\"async\" class=\"aligncenter  wp-image-9429\" src=\"https:\/\/www.clubsurco.es\/wp-content\/uploads\/Web-CC-2026-262x300.jpg\" alt=\"\" width=\"137\" height=\"157\" srcset=\"https:\/\/www.clubsurco.es\/wp-content\/uploads\/Web-CC-2026-262x300.jpg 262w, https:\/\/www.clubsurco.es\/wp-content\/uploads\/Web-CC-2026.jpg 377w\" sizes=\"auto, (max-width: 137px) 100vw, 137px\" \/><\/a><\/p>\n<p>Socios SURCO &#8211; Para inscribirse, rellenar uno de los dos formularios. El que prefieras.<\/p>\n<p><strong><u>1\u00aa Opci\u00f3n\u00a0 &#8211;\u00a0 INSCRIBIRSE SOCIOS FEDERADOS<\/u><\/strong><\/p>\n<p>En la inscripci\u00f3n directa ( 1\u00aa opci\u00f3n ), el plazo de inscripci\u00f3n es el marcado por la Organizaci\u00f3n del Evento, y una vez hecha la inscripci\u00f3n, marcar <strong>\u201cpago por transferencia\u201d, pero<\/strong> <span style=\"color: #ff0000;\"><strong>NO hacer la transferencia<\/strong><\/span>. La har\u00e1 el Club.<\/p>\n<p><a href=\"https:\/\/sico.fedo.org\/login.php?\"><img loading=\"lazy\" decoding=\"async\" class=\"aligncenter  wp-image-5623\" src=\"https:\/\/www.clubsurco.es\/wp-content\/uploads\/Me-inscribo-directamente-Naranja-x2-300x53.jpg\" alt=\"\" width=\"475\" height=\"84\" srcset=\"https:\/\/www.clubsurco.es\/wp-content\/uploads\/Me-inscribo-directamente-Naranja-x2-300x53.jpg 300w, https:\/\/www.clubsurco.es\/wp-content\/uploads\/Me-inscribo-directamente-Naranja-x2-768x137.jpg 768w, https:\/\/www.clubsurco.es\/wp-content\/uploads\/Me-inscribo-directamente-Naranja-x2-1024x182.jpg 1024w, https:\/\/www.clubsurco.es\/wp-content\/uploads\/Me-inscribo-directamente-Naranja-x2-619x110.jpg 619w, https:\/\/www.clubsurco.es\/wp-content\/uploads\/Me-inscribo-directamente-Naranja-x2.jpg 1196w\" sizes=\"auto, (max-width: 475px) 100vw, 475px\" \/><\/a><\/p>\n<p><strong><u>2\u00aa Opci\u00f3n\u00a0 &#8211;\u00a0 INSCRIBIRSE SOCIOS NO FEDERADOS\u00a0\u00a0 Y\u00a0\u00a0 FEDERADOS<\/u><\/strong><\/p>\n<p>Me inscribe el Club \u2013 Socios NO Federados y Federados.<\/p>\n<p>En la 2\u00aa opci\u00f3n, el plazo de inscripci\u00f3n es algo m\u00e1s corto, marcado por Club SURCO.<\/p>\n<p>Las inscripciones <strong>sin recargo<\/strong> se har\u00e1n con los que cumplimenten el formulario antes del 17 de Febrero a las 22:00. Las inscripciones posteriores tienen un <strong>recargo de 2 \u20ac<\/strong> y se har\u00e1n con los que cumplimenten el formulario antes del 19 de Febrero a las 22:00, ya que a esa hora se cerrar\u00e1 el formulario y se har\u00e1n las \u00faltimas inscripciones.<\/p>\n<p><a href=\"https:\/\/forms.gle\/9jTnfK64Mnv3eEEb7\"><img loading=\"lazy\" decoding=\"async\" class=\"aligncenter  wp-image-5622\" src=\"https:\/\/www.clubsurco.es\/wp-content\/uploads\/Me-inscribe-el-Club-Naranja-x2-300x53.jpg\" alt=\"\" width=\"475\" height=\"84\" srcset=\"https:\/\/www.clubsurco.es\/wp-content\/uploads\/Me-inscribe-el-Club-Naranja-x2-300x53.jpg 300w, https:\/\/www.clubsurco.es\/wp-content\/uploads\/Me-inscribe-el-Club-Naranja-x2-768x137.jpg 768w, https:\/\/www.clubsurco.es\/wp-content\/uploads\/Me-inscribe-el-Club-Naranja-x2-1024x182.jpg 1024w, https:\/\/www.clubsurco.es\/wp-content\/uploads\/Me-inscribe-el-Club-Naranja-x2-619x110.jpg 619w, https:\/\/www.clubsurco.es\/wp-content\/uploads\/Me-inscribe-el-Club-Naranja-x2.jpg 1196w\" sizes=\"auto, (max-width: 475px) 100vw, 475px\" \/><\/a><a href=\"https:\/\/sico.fedo.org\/carrera.php?id=20162257\"><img loading=\"lazy\" decoding=\"async\" class=\"aligncenter size-medium wp-image-5621\" src=\"https:\/\/www.clubsurco.es\/wp-content\/uploads\/Inscritos-verde-300x109.jpg\" alt=\"\" width=\"300\" height=\"109\" srcset=\"https:\/\/www.clubsurco.es\/wp-content\/uploads\/Inscritos-verde-300x109.jpg 300w, https:\/\/www.clubsurco.es\/wp-content\/uploads\/Inscritos-verde.jpg 603w\" sizes=\"auto, (max-width: 300px) 100vw, 300px\" \/><\/a><\/p>\n<p><img loading=\"lazy\" decoding=\"async\" class=\"wp-image-9396 aligncenter\" src=\"https:\/\/www.clubsurco.es\/wp-content\/uploads\/Publicidad-PMD-Competiciones-2026-red-300x56.jpg\" alt=\"\" width=\"504\" height=\"94\" srcset=\"https:\/\/www.clubsurco.es\/wp-content\/uploads\/Publicidad-PMD-Competiciones-2026-red-300x56.jpg 300w, https:\/\/www.clubsurco.es\/wp-content\/uploads\/Publicidad-PMD-Competiciones-2026-red-1024x192.jpg 1024w, https:\/\/www.clubsurco.es\/wp-content\/uploads\/Publicidad-PMD-Competiciones-2026-red-768x144.jpg 768w, https:\/\/www.clubsurco.es\/wp-content\/uploads\/Publicidad-PMD-Competiciones-2026-red-1536x288.jpg 1536w, https:\/\/www.clubsurco.es\/wp-content\/uploads\/Publicidad-PMD-Competiciones-2026-red-619x116.jpg 619w, https:\/\/www.clubsurco.es\/wp-content\/uploads\/Publicidad-PMD-Competiciones-2026-red.jpg 2000w\" sizes=\"auto, (max-width: 504px) 100vw, 504px\" \/><\/p>\n","protected":false},"excerpt":{"rendered":"<p>II LEOP \u2013 Murcia &#8211; 7 y 8 de Marzo 2026 XXXVIII Trofeo COSTA C\u00c1LIDA La Federaci\u00f3n Regional de Orientaci\u00f3n de Murcia (F.O.R.M.), organiza los d\u00edas 7 y 8 de Marzo en Moratalla la II prueba de Liga Espa\u00f1ola, 38\u00ba Trofeo Internacional Murcia Costa C\u00e1lida. La informaci\u00f3n actualizada estar\u00e1 en su web. Socios SURCO &#8211; [&hellip;]<\/p>\n","protected":false},"author":1,"featured_media":0,"parent":1967,"menu_order":3,"comment_status":"closed","ping_status":"closed","template":"","meta":{"footnotes":""},"class_list":["post-2589","page","type-page","status-publish","hentry"],"_links":{"self":[{"href":"https:\/\/www.clubsurco.es\/index.php?rest_route=\/wp\/v2\/pages\/2589","targetHints":{"allow":["GET"]}}],"collection":[{"href":"https:\/\/www.clubsurco.es\/index.php?rest_route=\/wp\/v2\/pages"}],"about":[{"href":"https:\/\/www.clubsurco.es\/index.php?rest_route=\/wp\/v2\/types\/page"}],"author":[{"embeddable":true,"href":"https:\/\/www.clubsurco.es\/index.php?rest_route=\/wp\/v2\/users\/1"}],"replies":[{"embeddable":true,"href":"https:\/\/www.clubsurco.es\/index.php?rest_route=%2Fwp%2Fv2%2Fcomments&post=2589"}],"version-history":[{"count":24,"href":"https:\/\/www.clubsurco.es\/index.php?rest_route=\/wp\/v2\/pages\/2589\/revisions"}],"predecessor-version":[{"id":9499,"href":"https:\/\/www.clubsurco.es\/index.php?rest_route=\/wp\/v2\/pages\/2589\/revisions\/9499"}],"up":[{"embeddable":true,"href":"https:\/\/www.clubsurco.es\/index.php?rest_route=\/wp\/v2\/pages\/1967"}],"wp:attachment":[{"href":"https:\/\/www.clubsurco.es\/index.php?rest_route=%2Fwp%2Fv2%2Fmedia&parent=2589"}],"curies":[{"name":"wp","href":"https:\/\/api.w.org\/{rel}","templated":true}]}}