{"id":2658,"date":"2018-12-23T16:32:00","date_gmt":"2018-12-23T15:32:00","guid":{"rendered":"http:\/\/www.clubsurco.es\/?page_id=2658"},"modified":"2025-01-17T22:40:20","modified_gmt":"2025-01-17T21:40:20","slug":"i-leur-9-febrero-2019","status":"publish","type":"page","link":"https:\/\/www.clubsurco.es\/?page_id=2658","title":{"rendered":"I LEUR &#8211; 29 de Marzo 2025"},"content":{"rendered":"<h2><span style=\"color: #ff0000;\"><strong>I LEUR &#8211; HUELVA \u2013 29 de MARZO de 2025<\/strong><\/span><\/h2>\n<p>El Club de Orientaci\u00f3n Huelva (COHU) organiza en Valverde del Camino la 1\u00aa prueba de liga Espa\u00f1ola y Andaluza de Rogaine que es adem\u00e1s su \u201cII Territorio Rogaine\u201d<\/p>\n<p>La informaci\u00f3n actual est\u00e1 en su Bolet\u00edn 1:<\/p>\n<p><a href=\"https:\/\/sico.fedo.org\/docs\/20161921.pdf\"><img loading=\"lazy\" decoding=\"async\" class=\"aligncenter  wp-image-8758\" src=\"https:\/\/www.clubsurco.es\/wp-content\/uploads\/Bolet\u00edn-1-1LEUR-216x300.jpg\" alt=\"\" width=\"136\" height=\"189\" srcset=\"https:\/\/www.clubsurco.es\/wp-content\/uploads\/Bolet\u00edn-1-1LEUR-216x300.jpg 216w, https:\/\/www.clubsurco.es\/wp-content\/uploads\/Bolet\u00edn-1-1LEUR.jpg 226w\" sizes=\"auto, (max-width: 136px) 100vw, 136px\" \/><\/a><em>\u00a0<\/em>La informaci\u00f3n futura estar\u00e1 en su web:<\/p>\n<p><a href=\"https:\/\/www.cohu.es\/rogainevalverde\/\"><img loading=\"lazy\" decoding=\"async\" class=\"aligncenter  wp-image-8757\" src=\"https:\/\/www.clubsurco.es\/wp-content\/uploads\/Web-1LEUR-300x204.jpg\" alt=\"\" width=\"148\" height=\"101\" srcset=\"https:\/\/www.clubsurco.es\/wp-content\/uploads\/Web-1LEUR-300x204.jpg 300w, https:\/\/www.clubsurco.es\/wp-content\/uploads\/Web-1LEUR.jpg 402w\" sizes=\"auto, (max-width: 148px) 100vw, 148px\" \/><\/a>La participaci\u00f3n en rogaines es por equipos de 2 a 5 personas que cumplan las exigencias de la categor\u00eda en la que compitan, no estando permitida la participaci\u00f3n individual..<\/p>\n<p>Aunque se corra por equipos, cada corredor debe inscribirse de forma individual, indicando el nombre del equipo, que l\u00f3gicamente deber\u00e1 ser el mismo para todos sus componentes.<\/p>\n<p><span style=\"color: #ff0000;\"><strong>ATENCI\u00d3N<\/strong><\/span><\/p>\n<p>S\u00f3lo es posible emplear las pinzas SportIdent de alta capacidad, tipos <span style=\"color: #ff0000;\"><strong>SI6, SI10, SI11 \u00f3 SIAC<\/strong><\/span>.<\/p>\n<p>Las que los socios tenemos adjudicadas\/prestadas por el Club, son SI5 \u00f2 SI8, y s\u00f3lo admiten 30 controles, por lo que no sirven para carreras tipo Rogaine que pueden llegar a m\u00e1s de 100 controles.<\/p>\n<p>El Club dispone de algunas pinzas SI10 para estos casos.<\/p>\n<p>Si tienes una tuya particular de alta capacidad, al inscribirte deber\u00e1s indicar su n\u00famero. Si no tienes, antes de inscribirte, ponte en contacto con \u00a0\u00a0<em><a href=\"mailto:inscripciones.surco@gmail.com\">inscripciones.surco@gmail.com<\/a><\/em>\u00a0\u00a0 para que si queda alguna libre, te adjudique una de las SI10 que tenemos en el Club. En ese caso, al inscribirte, indica el n\u00famero de la que te adjudiquen. (Las pinzas ser\u00e1n adjudicadas por orden de petici\u00f3n).<\/p>\n<p>Si despu\u00e9s de todo, no vas a disponer de una, tendr\u00e1s que alquilarla a la organizaci\u00f3n. En ese caso, al inscribirte, en \u00abPINZA ELECTR\u00d3NICA\u00bb indica \u00abalquilar\u00bb.<\/p>\n<p>Socios SURCO &#8211; Para inscribirse, rellenar uno de los dos formularios. El que prefieras.<\/p>\n<p><strong><u>INSCRIBIRSE SOCIOS FEDERADOS<\/u><\/strong><\/p>\n<p>En esta inscripci\u00f3n directa ( 1\u00aa opci\u00f3n ), el plazo de inscripci\u00f3n es el marcado por la Organizaci\u00f3n del Evento, y una vez hecha la inscripci\u00f3n, marcar <strong>\u201cpago por transferencia\u201d, pero<\/strong> <span style=\"color: #ff0000;\"><strong>NO hacer la transferencia<\/strong><\/span>. La har\u00e1 el Club.<\/p>\n<p><a href=\"https:\/\/sico.fedo.org\/login.php?\"><img loading=\"lazy\" decoding=\"async\" class=\"aligncenter  wp-image-5623\" src=\"https:\/\/www.clubsurco.es\/wp-content\/uploads\/Me-inscribo-directamente-Naranja-x2-300x53.jpg\" alt=\"\" width=\"351\" height=\"62\" srcset=\"https:\/\/www.clubsurco.es\/wp-content\/uploads\/Me-inscribo-directamente-Naranja-x2-300x53.jpg 300w, https:\/\/www.clubsurco.es\/wp-content\/uploads\/Me-inscribo-directamente-Naranja-x2-768x137.jpg 768w, https:\/\/www.clubsurco.es\/wp-content\/uploads\/Me-inscribo-directamente-Naranja-x2-1024x182.jpg 1024w, https:\/\/www.clubsurco.es\/wp-content\/uploads\/Me-inscribo-directamente-Naranja-x2-619x110.jpg 619w, https:\/\/www.clubsurco.es\/wp-content\/uploads\/Me-inscribo-directamente-Naranja-x2.jpg 1196w\" sizes=\"auto, (max-width: 351px) 100vw, 351px\" \/><\/a><\/p>\n<p><strong><u>INSCRIBIRSE SOCIOS NO FEDERADOS\u00a0\u00a0 Y\u00a0\u00a0 FEDERADOS<\/u><\/strong><\/p>\n<p>En esta 2\u00aa opci\u00f3n, el plazo de inscripci\u00f3n es algo m\u00e1s corto, marcado por Club SURCO.<\/p>\n<p>Las inscripciones se har\u00e1n con los que cumplimenten el formulario antes del <strong>14 de Marzo a las 22:0<\/strong>0 ya que a esa hora se cerrar\u00e1 el formulario y se har\u00e1n las \u00faltimas inscripciones.<\/p>\n<p><a href=\"https:\/\/forms.gle\/tvd961YMadmvpoJr7\"><img loading=\"lazy\" decoding=\"async\" class=\"aligncenter  wp-image-5622\" src=\"https:\/\/www.clubsurco.es\/wp-content\/uploads\/Me-inscribe-el-Club-Naranja-x2-300x53.jpg\" alt=\"\" width=\"357\" height=\"63\" srcset=\"https:\/\/www.clubsurco.es\/wp-content\/uploads\/Me-inscribe-el-Club-Naranja-x2-300x53.jpg 300w, https:\/\/www.clubsurco.es\/wp-content\/uploads\/Me-inscribe-el-Club-Naranja-x2-768x137.jpg 768w, https:\/\/www.clubsurco.es\/wp-content\/uploads\/Me-inscribe-el-Club-Naranja-x2-1024x182.jpg 1024w, https:\/\/www.clubsurco.es\/wp-content\/uploads\/Me-inscribe-el-Club-Naranja-x2-619x110.jpg 619w, https:\/\/www.clubsurco.es\/wp-content\/uploads\/Me-inscribe-el-Club-Naranja-x2.jpg 1196w\" sizes=\"auto, (max-width: 357px) 100vw, 357px\" \/><\/a><\/p>\n<p><a href=\"https:\/\/sico.fedo.org\/carrera.php?id=20161921\"><img loading=\"lazy\" decoding=\"async\" class=\"aligncenter  wp-image-5621\" src=\"https:\/\/www.clubsurco.es\/wp-content\/uploads\/Inscritos-verde-300x109.jpg\" alt=\"\" width=\"215\" height=\"78\" srcset=\"https:\/\/www.clubsurco.es\/wp-content\/uploads\/Inscritos-verde-300x109.jpg 300w, https:\/\/www.clubsurco.es\/wp-content\/uploads\/Inscritos-verde.jpg 603w\" sizes=\"auto, (max-width: 215px) 100vw, 215px\" \/><\/a><\/p>\n","protected":false},"excerpt":{"rendered":"<p>I LEUR &#8211; HUELVA \u2013 29 de MARZO de 2025 El Club de Orientaci\u00f3n Huelva (COHU) organiza en Valverde del Camino la 1\u00aa prueba de liga Espa\u00f1ola y Andaluza de Rogaine que es adem\u00e1s su \u201cII Territorio Rogaine\u201d La informaci\u00f3n actual est\u00e1 en su Bolet\u00edn 1: \u00a0La informaci\u00f3n futura estar\u00e1 en su web: La participaci\u00f3n [&hellip;]<\/p>\n","protected":false},"author":1,"featured_media":0,"parent":1985,"menu_order":1,"comment_status":"closed","ping_status":"closed","template":"","meta":{"footnotes":""},"class_list":["post-2658","page","type-page","status-publish","hentry"],"_links":{"self":[{"href":"https:\/\/www.clubsurco.es\/index.php?rest_route=\/wp\/v2\/pages\/2658","targetHints":{"allow":["GET"]}}],"collection":[{"href":"https:\/\/www.clubsurco.es\/index.php?rest_route=\/wp\/v2\/pages"}],"about":[{"href":"https:\/\/www.clubsurco.es\/index.php?rest_route=\/wp\/v2\/types\/page"}],"author":[{"embeddable":true,"href":"https:\/\/www.clubsurco.es\/index.php?rest_route=\/wp\/v2\/users\/1"}],"replies":[{"embeddable":true,"href":"https:\/\/www.clubsurco.es\/index.php?rest_route=%2Fwp%2Fv2%2Fcomments&post=2658"}],"version-history":[{"count":7,"href":"https:\/\/www.clubsurco.es\/index.php?rest_route=\/wp\/v2\/pages\/2658\/revisions"}],"predecessor-version":[{"id":8762,"href":"https:\/\/www.clubsurco.es\/index.php?rest_route=\/wp\/v2\/pages\/2658\/revisions\/8762"}],"up":[{"embeddable":true,"href":"https:\/\/www.clubsurco.es\/index.php?rest_route=\/wp\/v2\/pages\/1985"}],"wp:attachment":[{"href":"https:\/\/www.clubsurco.es\/index.php?rest_route=%2Fwp%2Fv2%2Fmedia&parent=2658"}],"curies":[{"name":"wp","href":"https:\/\/api.w.org\/{rel}","templated":true}]}}