{"id":3725,"date":"2019-06-13T21:17:40","date_gmt":"2019-06-13T19:17:40","guid":{"rendered":"http:\/\/www.clubsurco.es\/?page_id=3725"},"modified":"2024-01-28T10:53:05","modified_gmt":"2024-01-28T09:53:05","slug":"mapas-prohibidos","status":"publish","type":"page","link":"https:\/\/www.clubsurco.es\/?page_id=3725","title":{"rendered":"MAPAS PROHIBIDOS"},"content":{"rendered":"<h2><span style=\"color: #ff0000;\"><strong>MAPAS PROHIBIDOS en la provincia de ALMER\u00cdA<\/strong><\/span><\/h2>\n<p><img loading=\"lazy\" decoding=\"async\" class=\"aligncenter size-medium wp-image-3724\" src=\"https:\/\/www.clubsurco.es\/wp-content\/uploads\/Mapas-prohibidos-1-300x110.jpg\" alt=\"\" width=\"300\" height=\"110\" srcset=\"https:\/\/www.clubsurco.es\/wp-content\/uploads\/Mapas-prohibidos-1-300x110.jpg 300w, https:\/\/www.clubsurco.es\/wp-content\/uploads\/Mapas-prohibidos-1-768x282.jpg 768w, https:\/\/www.clubsurco.es\/wp-content\/uploads\/Mapas-prohibidos-1-619x227.jpg 619w, https:\/\/www.clubsurco.es\/wp-content\/uploads\/Mapas-prohibidos-1.jpg 874w\" sizes=\"auto, (max-width: 300px) 100vw, 300px\" \/><\/p>\n<p>Relaci\u00f3n de mapas en la provincia de Almer\u00eda en los que est\u00e1 prohibido realizar:<\/p>\n<p>&#8211; Competiciones<\/p>\n<p>&#8211; Entrenamientos<\/p>\n<p>&#8211; Pr\u00e1cticas de formaci\u00f3n<\/p>\n<p>&#8211; Cualquier actividad relacionada con el deporte de la Orientaci\u00f3n<\/p>\n<p>ya que est\u00e1 prevista su utilizaci\u00f3n en competiciones oficiales, tienen alg\u00fan tipo de prohibici\u00f3n, o necesitan la concesi\u00f3n de alg\u00fan tipo de permiso.<\/p>\n<p><img loading=\"lazy\" decoding=\"async\" class=\"aligncenter  wp-image-7629\" src=\"https:\/\/www.clubsurco.es\/wp-content\/uploads\/Zonas-prohibidas-2024-300x28.jpg\" alt=\"\" width=\"654\" height=\"61\" srcset=\"https:\/\/www.clubsurco.es\/wp-content\/uploads\/Zonas-prohibidas-2024-300x28.jpg 300w, https:\/\/www.clubsurco.es\/wp-content\/uploads\/Zonas-prohibidas-2024-768x72.jpg 768w, https:\/\/www.clubsurco.es\/wp-content\/uploads\/Zonas-prohibidas-2024-619x58.jpg 619w, https:\/\/www.clubsurco.es\/wp-content\/uploads\/Zonas-prohibidas-2024.jpg 948w\" sizes=\"auto, (max-width: 654px) 100vw, 654px\" \/><\/p>\n<p><span style=\"color: #008000;\"><strong>SITUACI\u00d3N de los MAPAS PROHIBIDOS<\/strong><\/span><\/p>\n\n\n<iframe loading=\"lazy\" src=\"https:\/\/www.google.com\/maps\/d\/embed?mid=19JjP2SLnffv5-4WqxvH2f4UcRxjA_MM&#038;ehbc=2E312F\" width=\"640\" height=\"480\"><\/iframe>\n","protected":false},"excerpt":{"rendered":"<p>MAPAS PROHIBIDOS en la provincia de ALMER\u00cdA Relaci\u00f3n de mapas en la provincia de Almer\u00eda en los que est\u00e1 prohibido realizar: &#8211; Competiciones &#8211; Entrenamientos &#8211; Pr\u00e1cticas de formaci\u00f3n &#8211; Cualquier actividad relacionada con el deporte de la Orientaci\u00f3n ya que est\u00e1 prevista su utilizaci\u00f3n en competiciones oficiales, tienen alg\u00fan tipo de prohibici\u00f3n, o necesitan [&hellip;]<\/p>\n","protected":false},"author":1,"featured_media":0,"parent":1949,"menu_order":9,"comment_status":"closed","ping_status":"closed","template":"","meta":{"footnotes":""},"class_list":["post-3725","page","type-page","status-publish","hentry"],"_links":{"self":[{"href":"https:\/\/www.clubsurco.es\/index.php?rest_route=\/wp\/v2\/pages\/3725","targetHints":{"allow":["GET"]}}],"collection":[{"href":"https:\/\/www.clubsurco.es\/index.php?rest_route=\/wp\/v2\/pages"}],"about":[{"href":"https:\/\/www.clubsurco.es\/index.php?rest_route=\/wp\/v2\/types\/page"}],"author":[{"embeddable":true,"href":"https:\/\/www.clubsurco.es\/index.php?rest_route=\/wp\/v2\/users\/1"}],"replies":[{"embeddable":true,"href":"https:\/\/www.clubsurco.es\/index.php?rest_route=%2Fwp%2Fv2%2Fcomments&post=3725"}],"version-history":[{"count":10,"href":"https:\/\/www.clubsurco.es\/index.php?rest_route=\/wp\/v2\/pages\/3725\/revisions"}],"predecessor-version":[{"id":7631,"href":"https:\/\/www.clubsurco.es\/index.php?rest_route=\/wp\/v2\/pages\/3725\/revisions\/7631"}],"up":[{"embeddable":true,"href":"https:\/\/www.clubsurco.es\/index.php?rest_route=\/wp\/v2\/pages\/1949"}],"wp:attachment":[{"href":"https:\/\/www.clubsurco.es\/index.php?rest_route=%2Fwp%2Fv2%2Fmedia&parent=3725"}],"curies":[{"name":"wp","href":"https:\/\/api.w.org\/{rel}","templated":true}]}}