{"id":5699,"date":"2021-05-12T16:43:20","date_gmt":"2021-05-12T14:43:20","guid":{"rendered":"http:\/\/www.clubsurco.es\/?page_id=5699"},"modified":"2021-05-28T15:55:46","modified_gmt":"2021-05-28T13:55:46","slug":"cortavientos","status":"publish","type":"page","link":"https:\/\/www.clubsurco.es\/?page_id=5699","title":{"rendered":"CORTAVIENTOS"},"content":{"rendered":"<p><img loading=\"lazy\" decoding=\"async\" class=\"wp-image-5696 alignleft\" src=\"https:\/\/www.clubsurco.es\/wp-content\/uploads\/Anterior-300x277.jpeg\" alt=\"\" width=\"278\" height=\"256\" srcset=\"https:\/\/www.clubsurco.es\/wp-content\/uploads\/Anterior-300x277.jpeg 300w, https:\/\/www.clubsurco.es\/wp-content\/uploads\/Anterior-768x710.jpeg 768w, https:\/\/www.clubsurco.es\/wp-content\/uploads\/Anterior-1024x947.jpeg 1024w, https:\/\/www.clubsurco.es\/wp-content\/uploads\/Anterior-619x572.jpeg 619w, https:\/\/www.clubsurco.es\/wp-content\/uploads\/Anterior.jpeg 1600w\" sizes=\"auto, (max-width: 278px) 100vw, 278px\" \/><\/p>\n<p><img loading=\"lazy\" decoding=\"async\" class=\"wp-image-5698 alignleft\" src=\"https:\/\/www.clubsurco.es\/wp-content\/uploads\/Posterior-300x277.jpeg\" alt=\"\" width=\"264\" height=\"244\" srcset=\"https:\/\/www.clubsurco.es\/wp-content\/uploads\/Posterior-300x277.jpeg 300w, https:\/\/www.clubsurco.es\/wp-content\/uploads\/Posterior-768x710.jpeg 768w, https:\/\/www.clubsurco.es\/wp-content\/uploads\/Posterior-1024x947.jpeg 1024w, https:\/\/www.clubsurco.es\/wp-content\/uploads\/Posterior-619x572.jpeg 619w, https:\/\/www.clubsurco.es\/wp-content\/uploads\/Posterior.jpeg 1600w\" sizes=\"auto, (max-width: 264px) 100vw, 264px\" \/><\/p>\n<p><img loading=\"lazy\" decoding=\"async\" class=\"aligncenter  wp-image-5713\" src=\"https:\/\/www.clubsurco.es\/wp-content\/uploads\/Solo-Tallas-HD-300x112.jpeg\" alt=\"\" width=\"544\" height=\"203\" srcset=\"https:\/\/www.clubsurco.es\/wp-content\/uploads\/Solo-Tallas-HD-300x112.jpeg 300w, https:\/\/www.clubsurco.es\/wp-content\/uploads\/Solo-Tallas-HD-768x287.jpeg 768w, https:\/\/www.clubsurco.es\/wp-content\/uploads\/Solo-Tallas-HD-1024x382.jpeg 1024w, https:\/\/www.clubsurco.es\/wp-content\/uploads\/Solo-Tallas-HD-619x231.jpeg 619w, https:\/\/www.clubsurco.es\/wp-content\/uploads\/Solo-Tallas-HD.jpeg 2000w\" sizes=\"auto, (max-width: 544px) 100vw, 544px\" \/>Los socios que deseen adquirir cortavientos deber\u00e1n rellenar el formulario en el que seleccionar\u00e1n la talla del que desean adquirir.<\/p>\n<p><img loading=\"lazy\" decoding=\"async\" class=\" wp-image-5697 alignleft\" src=\"https:\/\/www.clubsurco.es\/wp-content\/uploads\/Caracter\u00edsticas-225x300.jpeg\" alt=\"\" width=\"220\" height=\"293\" srcset=\"https:\/\/www.clubsurco.es\/wp-content\/uploads\/Caracter\u00edsticas-225x300.jpeg 225w, https:\/\/www.clubsurco.es\/wp-content\/uploads\/Caracter\u00edsticas-768x1024.jpeg 768w, https:\/\/www.clubsurco.es\/wp-content\/uploads\/Caracter\u00edsticas-619x825.jpeg 619w, https:\/\/www.clubsurco.es\/wp-content\/uploads\/Caracter\u00edsticas.jpeg 1536w\" sizes=\"auto, (max-width: 220px) 100vw, 220px\" \/>El precio que figura en cada prenda es el que hay que abonar. En \u00e9l ya est\u00e1 descontada la peque\u00f1a ayuda ( 4 \u20ac ) que el Club hace, ya que el precio real es ligeramente m\u00e1s alto.<\/p>\n<p>Calcular el precio total de los cortavientos que se vayan a solicitar y hacer una transferencia a la cuenta del Club.<\/p>\n<p>El justificante de ingreso se solicitar\u00e1 al rellenar el formulario del pedido.<\/p>\n<h4><strong>OPEN BANK\u00a0 <\/strong>\u00a0\u00a0\u00a0<span style=\"color: #ff0000;\">IBAN n\u00ba\u00a0\u00a0\u00a0 ES84 0073 0100 5604 8779 9336<\/span><\/h4>\n<p>Los cortavientos no se pueden pedir de UNO en UNO. Los fabricantes s\u00f3lo sirven a partir de una cierta cantidad, por lo que los pedidos se ir\u00e1n haciendo agrupados por campa\u00f1as.<\/p>\n<p>En esta ocasi\u00f3n se establece un plazo de peticiones hasta el<\/p>\n<h4 style=\"text-align: center;\"><del><span style=\"color: #ff0000;\"><strong> viernes 28 de Mayo<\/strong><\/span><\/del><\/h4>\n<p style=\"text-align: center;\"><span style=\"color: #ff0000;\"><strong>Domingo 30 de Mayo<\/strong><\/span><\/p>\n<p>Una vez cumplido el plazo, se cerrar\u00e1 el formulario hasta la pr\u00f3xima campa\u00f1a de pedidos.<\/p>\n<p>Cuando se reciban, se avisar\u00e1 a los solicitantes para que pasen por el Club a recoger las prendas que encargaron.<\/p>\n<p><a href=\"https:\/\/forms.gle\/XXUdsVDYoXv3ZA6y6\"><img loading=\"lazy\" decoding=\"async\" class=\"aligncenter size-medium wp-image-5706\" src=\"https:\/\/www.clubsurco.es\/wp-content\/uploads\/Bot\u00f3n-Naranja-x2-Petici\u00f3n-Cortavientos-300x53.png\" alt=\"\" width=\"300\" height=\"53\" srcset=\"https:\/\/www.clubsurco.es\/wp-content\/uploads\/Bot\u00f3n-Naranja-x2-Petici\u00f3n-Cortavientos-300x53.png 300w, https:\/\/www.clubsurco.es\/wp-content\/uploads\/Bot\u00f3n-Naranja-x2-Petici\u00f3n-Cortavientos-768x137.png 768w, https:\/\/www.clubsurco.es\/wp-content\/uploads\/Bot\u00f3n-Naranja-x2-Petici\u00f3n-Cortavientos-1024x182.png 1024w, https:\/\/www.clubsurco.es\/wp-content\/uploads\/Bot\u00f3n-Naranja-x2-Petici\u00f3n-Cortavientos-619x110.png 619w, https:\/\/www.clubsurco.es\/wp-content\/uploads\/Bot\u00f3n-Naranja-x2-Petici\u00f3n-Cortavientos.png 1196w\" sizes=\"auto, (max-width: 300px) 100vw, 300px\" \/><\/a><\/p>\n","protected":false},"excerpt":{"rendered":"<p>Los socios que deseen adquirir cortavientos deber\u00e1n rellenar el formulario en el que seleccionar\u00e1n la talla del que desean adquirir. El precio que figura en cada prenda es el que hay que abonar. En \u00e9l ya est\u00e1 descontada la peque\u00f1a ayuda ( 4 \u20ac ) que el Club hace, ya que el precio real es [&hellip;]<\/p>\n","protected":false},"author":1,"featured_media":0,"parent":1878,"menu_order":5,"comment_status":"closed","ping_status":"closed","template":"","meta":{"footnotes":""},"class_list":["post-5699","page","type-page","status-publish","hentry"],"_links":{"self":[{"href":"https:\/\/www.clubsurco.es\/index.php?rest_route=\/wp\/v2\/pages\/5699","targetHints":{"allow":["GET"]}}],"collection":[{"href":"https:\/\/www.clubsurco.es\/index.php?rest_route=\/wp\/v2\/pages"}],"about":[{"href":"https:\/\/www.clubsurco.es\/index.php?rest_route=\/wp\/v2\/types\/page"}],"author":[{"embeddable":true,"href":"https:\/\/www.clubsurco.es\/index.php?rest_route=\/wp\/v2\/users\/1"}],"replies":[{"embeddable":true,"href":"https:\/\/www.clubsurco.es\/index.php?rest_route=%2Fwp%2Fv2%2Fcomments&post=5699"}],"version-history":[{"count":9,"href":"https:\/\/www.clubsurco.es\/index.php?rest_route=\/wp\/v2\/pages\/5699\/revisions"}],"predecessor-version":[{"id":5758,"href":"https:\/\/www.clubsurco.es\/index.php?rest_route=\/wp\/v2\/pages\/5699\/revisions\/5758"}],"up":[{"embeddable":true,"href":"https:\/\/www.clubsurco.es\/index.php?rest_route=\/wp\/v2\/pages\/1878"}],"wp:attachment":[{"href":"https:\/\/www.clubsurco.es\/index.php?rest_route=%2Fwp%2Fv2%2Fmedia&parent=5699"}],"curies":[{"name":"wp","href":"https:\/\/api.w.org\/{rel}","templated":true}]}}